{"id":1004,"date":"2016-10-18T20:04:29","date_gmt":"2016-10-18T20:04:29","guid":{"rendered":"http:\/\/azalee-reflexo.ch\/?page_id=1004"},"modified":"2016-11-28T23:18:52","modified_gmt":"2016-11-28T23:18:52","slug":"salade-de-chou-rouge","status":"publish","type":"page","link":"https:\/\/azalee-therapie.ch\/dietetique\/salade-de-chou-rouge\/","title":{"rendered":"Salade de chou rouge"},"content":{"rendered":"<p style=\"text-align: left;\"><span style=\"text-decoration: underline; font-size: 16px; font-family: helvetica,arial,sans-serif;\"><strong><span style=\"color: #993300; text-decoration: underline;\">Salade de chou rouge<\/span><\/strong><\/span><\/p>\n<p style=\"text-align: left;\"><span style=\"font-size: 16px; font-family: helvetica,arial,sans-serif;\">1 chou rouge d&rsquo;environ 400gr<\/span><br \/>\n <span style=\"font-size: 16px; font-family: helvetica,arial,sans-serif;\"> Le coup\u00e9 en 8, puis l&rsquo;\u00e9minc\u00e9e fin \u00e0 l&rsquo;aide d&rsquo;un couteau de cuisine<\/span><br \/>\n <span style=\"font-size: 16px; font-family: helvetica,arial,sans-serif;\"> Chauffer 1 dl de vinaigre de pomme et verser sur le chou<\/span><br \/>\n <span style=\"font-size: 16px; font-family: helvetica,arial,sans-serif;\"> Ajouter :<br \/>\n 1 pomme r\u00e2p\u00e9e<\/span><br \/>\n <span style=\"font-size: 16px; font-family: helvetica,arial,sans-serif;\"> 1 dl huile de p\u00e9pin de raisin<\/span><br \/>\n <span style=\"font-size: 16px; font-family: helvetica,arial,sans-serif;\"> 2 cs de graines de s\u00e9same<\/span><br \/>\n <span style=\"font-size: 16px; font-family: helvetica,arial,sans-serif;\"> 2 cs de raisin secs<\/span><br \/>\n <span style=\"font-size: 16px; font-family: helvetica,arial,sans-serif;\"> 10 cerneaux de noix cass\u00e9s<\/span><br \/>\n <span style=\"font-size: 16px; font-family: helvetica,arial,sans-serif;\"> 2 cs de graines de courges et tournesol<\/span><\/p>\n<p style=\"text-align: left;\"><span style=\"font-size: 16px; font-family: helvetica,arial,sans-serif;\">Laisser refroidir, servez<\/span><\/p>\n<p>&nbsp;<\/p>\n","protected":false},"excerpt":{"rendered":"<p>Salade de chou rouge 1 chou rouge d&rsquo;environ 400gr Le coup\u00e9 en 8, puis l&rsquo;\u00e9minc\u00e9e fin \u00e0 l&rsquo;aide d&rsquo;un couteau de cuisine Chauffer 1 dl de vinaigre de pomme et &hellip; <a href=\"https:\/\/azalee-therapie.ch\/dietetique\/salade-de-chou-rouge\/\" class=\"more-link\">Continuer la lecture de <span class=\"screen-reader-text\">Salade de chou rouge<\/span><\/a><\/p>\n","protected":false},"author":2,"featured_media":0,"parent":0,"menu_order":0,"comment_status":"closed","ping_status":"closed","template":"","meta":{"footnotes":""},"class_list":["post-1004","page","type-page","status-publish","hentry"],"_links":{"self":[{"href":"https:\/\/azalee-therapie.ch\/dietetique\/wp-json\/wp\/v2\/pages\/1004","targetHints":{"allow":["GET"]}}],"collection":[{"href":"https:\/\/azalee-therapie.ch\/dietetique\/wp-json\/wp\/v2\/pages"}],"about":[{"href":"https:\/\/azalee-therapie.ch\/dietetique\/wp-json\/wp\/v2\/types\/page"}],"author":[{"embeddable":true,"href":"https:\/\/azalee-therapie.ch\/dietetique\/wp-json\/wp\/v2\/users\/2"}],"replies":[{"embeddable":true,"href":"https:\/\/azalee-therapie.ch\/dietetique\/wp-json\/wp\/v2\/comments?post=1004"}],"version-history":[{"count":5,"href":"https:\/\/azalee-therapie.ch\/dietetique\/wp-json\/wp\/v2\/pages\/1004\/revisions"}],"predecessor-version":[{"id":1350,"href":"https:\/\/azalee-therapie.ch\/dietetique\/wp-json\/wp\/v2\/pages\/1004\/revisions\/1350"}],"wp:attachment":[{"href":"https:\/\/azalee-therapie.ch\/dietetique\/wp-json\/wp\/v2\/media?parent=1004"}],"curies":[{"name":"wp","href":"https:\/\/api.w.org\/{rel}","templated":true}]}}