{"id":1281,"date":"2016-11-24T12:54:19","date_gmt":"2016-11-24T12:54:19","guid":{"rendered":"http:\/\/azalee-reflexo.ch\/?page_id=1281"},"modified":"2026-02-14T22:21:06","modified_gmt":"2026-02-14T22:21:06","slug":"carre-aux-dattes","status":"publish","type":"page","link":"https:\/\/azalee-therapie.ch\/dietetique\/carre-aux-dattes\/","title":{"rendered":"Carr\u00e9 aux dattes et (sans gluten)"},"content":{"rendered":"<p>\u00a0 3x la recette dont d\u00e8s la 2e sans gluten, sans lactose\u00a0<\/p>\n<p style=\"text-align: left;\"><span style=\"font-size: 16px; font-family: helvetica,arial,sans-serif;\"><span style=\"color: #0000ff;\"><strong><u>Carr\u00e9 aux dattes original<\/u><\/strong><\/span><br \/>\n<\/span><\/p>\n<p style=\"text-align: left;\"><span style=\"font-size: 16px; font-family: helvetica,arial,sans-serif;\">Pr\u00e9chauffer le four \u00e0 180 \u00b0C. <\/span>plaque carr\u00e9 de 18x18cm ou plat a gratin rectangulaire<\/p>\n<p style=\"text-align: left;\"><span style=\"font-size: 16px; font-family: helvetica,arial,sans-serif;\">1T= 1 tasse de 1,5 dl<\/span><\/p>\n<p style=\"text-align: left;\"><span style=\"font-size: 16px; font-family: helvetica,arial,sans-serif;\">Garniture:<br \/>\n250-300gr (2 \u00bd t) de dattes de type Medjool d\u00e9noyaut\u00e9es et coup\u00e9es en 8 <br \/>\n1.5 dl (1 t) d\u2019eau<br \/>\n1 jus de citron<br \/>\n30 gr (2 c. \u00e0 soupe) de cassonade<br \/>\n(\u00bd c. \u00e0 th\u00e9) de bicarbonate de soude (facultatif) aide a venir en pur\u00e9e lors de la cuisson<br \/>\n<\/span><\/p>\n<p style=\"text-align: left;\"><span style=\"font-size: 16px; font-family: helvetica,arial,sans-serif;\">Dans une casserole porter \u00e0 \u00e9bullition tous les ingr\u00e9dients ci dessus et laisser mijoter environ 15 minutes en remuant pour ne pas laisser attacher et jusqu\u2019\u00e0 ce que les dattes soient r\u00e9duites en pur\u00e9e. Laisser ti\u00e9dir.<\/span><\/p>\n<p style=\"text-align: left;\"><span style=\"font-size: 16px; font-family: helvetica,arial,sans-serif;\">Croustillant:<br \/>\n150 gr (1 \u00be t) de flocons d\u2019avoine \u00e0 cuisson rapide<br \/>\n60 gr (1 t) de farine de ch\u00e2taigne ou d&rsquo;\u00e9peautre<br \/>\n20 gr ( 3\/4t) de sucre complet<br \/>\n(\u00bc c. \u00e0 th\u00e9) de poudre \u00e0 lever (facultatif)<br \/>\n1 c. Th\u00e9 de cannelle moulue<br \/>\n1 dl (\u00be t) de beurre demi-sel, ramolli ou huile v\u00e9g\u00e9tal\u00a0<\/span><\/p>\n<p style=\"text-align: left;\"><span style=\"font-size: 16px; font-family: helvetica,arial,sans-serif;\">Tapisser un plat de cuisson carr\u00e9 de 20 cm de papier cuisson en le laissant d\u00e9passer sur deux c\u00f4t\u00e9s ou graisser<\/span>. <span style=\"font-size: 16px; font-family: helvetica,arial,sans-serif;\">Dans un bol, m\u00e9langer les flocons d\u2019avoine, la farine, la cassonade et la poudre \u00e0 p\u00e2te. Ajouter la mati\u00e8re grasse et m\u00e9langer.<br \/>\nR\u00e9partir la moiti\u00e9 du croustillant dans le plat de cuisson et presser fermement. Y \u00e9taler le m\u00e9lange de dattes. Couvrir avec le reste du croustillant et presser l\u00e9g\u00e8rement.<\/span><\/p>\n<p style=\"text-align: left;\"><span style=\"font-size: 16px; font-family: helvetica,arial,sans-serif;\">Cuisson environ 50 min \u00e0 180C\u00b0 ou jusqu\u2019\u00e0 ce que le croustillant soit bien dor\u00e9. D\u00e9mouler sur une grille puis laisser ti\u00e9dir et couper en carr\u00e9s.<\/span><\/p>\n<p style=\"text-align: left;\"><span style=\"font-size: 16px; font-family: helvetica,arial,sans-serif;\">Note:\u00a0 \u00c0 d\u00e9faut d\u2019avoir des dattes Medjool, utilisez des dattes s\u00e8ches.<\/span><\/p>\n<p><span style=\"color: #993300;\">Recette canadienne du chef Ricardo.\u00a0<\/span><\/p>\n<p style=\"text-align: left;\"><img loading=\"lazy\" decoding=\"async\" class=\"size-medium wp-image-4677 aligncenter\" src=\"https:\/\/azalee-therapie.ch\/dietetique\/wp-content\/uploads\/2026\/02\/992x1340_5263-222x300.jpg\" alt=\"\" width=\"222\" height=\"300\" srcset=\"https:\/\/azalee-therapie.ch\/dietetique\/wp-content\/uploads\/2026\/02\/992x1340_5263-222x300.jpg 222w, https:\/\/azalee-therapie.ch\/dietetique\/wp-content\/uploads\/2026\/02\/992x1340_5263-759x1024.jpg 759w, https:\/\/azalee-therapie.ch\/dietetique\/wp-content\/uploads\/2026\/02\/992x1340_5263-768x1037.jpg 768w, https:\/\/azalee-therapie.ch\/dietetique\/wp-content\/uploads\/2026\/02\/992x1340_5263.jpg 992w\" sizes=\"auto, (max-width: 222px) 100vw, 222px\" \/><\/p>\n<p>&nbsp;<\/p>\n<p>&nbsp;<\/p>\n<p><span style=\"color: #008000;\"><span style=\"color: #3366ff;\">Carr\u00e9 aux dattes<\/span>,\u00a0 \u00a0 <\/span><\/p>\n<p><span style=\"color: #008000;\">ma cr\u00e9ation adapt\u00e9. <\/span><span style=\"color: #993366;\">Sans gluten, sans lactose, sans \u0153uf\u00a0\u00a0<\/span><\/p>\n<p><span style=\"color: #993300;\">autre version avec Millet cuit, sert de liant, j\u2019ai enlev\u00e9 la farine de la recette originale.<\/span><\/p>\n<p>70 gr millet dor\u00e9,\u00a0 1\/2\u00a0 zeste de citron, 2 cs sucre brut, 1 pt couteau girofle moule,\u00a0 1 ct cannelle moulues, 2 dl eau, 1 pinc\u00e9e sel. Cuire, mijoter, remuer r\u00e9guli\u00e8re environ 20 min, bien le cuire, peut-\u00eatre rajouter un peu d&rsquo;eau,\u00a0 obtenir un appareil collant, refroidir. Partager en deux, prendre une plaque \u00e0 g\u00e2teau de 20&#215;20 cm, papier de cuisson,\u00a0 y \u00e9taler une portion.\u00a0<\/p>\n<p>150 gr de dattes, d\u00e9noyaut\u00e9es,\u00a0 hach\u00e9es grossi\u00e8rement,\u00a0 1 jus citron, 1\/2 zeste de citron, 2 cs sucre brut, 1 pt couteau de poudre \u00e0 lever, 1 dl eau. Cuire mijoter 30 min en remuant r\u00e9guli\u00e8rement,\u00a0 obtenir une pur\u00e9e,\u00a0 que le liquide soit compl\u00e8tement absorber.\u00a0 Refroidir.\u00a0<\/p>\n<p>\u00c9taler la compote sur le m\u00e9lange pr\u00e9c\u00e9dent. Puis recouvrir de la pr\u00e9paration ci-dessous.<\/p>\n<p>Ajouter \u00e0 l\u2019autre part :\u00a0 70 gr de quinoa souffl\u00e9,\u00a0 70 gr flocons de Millet, 4 cs huile d\u2019olive (pour salade), bien remuer, \u00e0 garder pour \u00e9taler sur la compote de dattes.<\/p>\n<p>Enfourner \u00e0 180\u00b0C,\u00a0 temps de cuisson selon votre four. Environ 35 \u00e0 45 min.<\/p>\n<p>Sortir du four quand la p\u00e2te devient dor\u00e9,\u00a0 bien laisser refroidir\u00a0 car l\u2019appareil\u00a0 est tr\u00e8s friable. Couper en cubes .\u00a0<\/p>\n<p>Peut se conserver aussi au frigo, ainsi qu\u2019au cong\u00e9lateur,\u00a0 cette quantit\u00e9\u00a0 de recette, \u00e0 adapt\u00e9 \u00e0 une plaque plus petites pour obtenir des carr\u00e9s plut\u00f4t cubes.\u00a0 \u00a0Je trouve ma cr\u00e9ation d\u00e9licieuse.\u00a0\u00a0<\/p>\n<p>Les photos sont prises le soir avec lumi\u00e8re jaune. Je modifierai, lors que j\u2019aurai chang\u00e9 de cuisine.<\/p>\n<p><img loading=\"lazy\" decoding=\"async\" class=\"alignnone size-medium wp-image-4674\" src=\"https:\/\/azalee-therapie.ch\/dietetique\/wp-content\/uploads\/2026\/02\/20260214_164313-207x300.jpg\" alt=\"\" width=\"207\" height=\"300\" srcset=\"https:\/\/azalee-therapie.ch\/dietetique\/wp-content\/uploads\/2026\/02\/20260214_164313-207x300.jpg 207w, https:\/\/azalee-therapie.ch\/dietetique\/wp-content\/uploads\/2026\/02\/20260214_164313-708x1024.jpg 708w, https:\/\/azalee-therapie.ch\/dietetique\/wp-content\/uploads\/2026\/02\/20260214_164313-768x1111.jpg 768w, https:\/\/azalee-therapie.ch\/dietetique\/wp-content\/uploads\/2026\/02\/20260214_164313-1062x1536.jpg 1062w, https:\/\/azalee-therapie.ch\/dietetique\/wp-content\/uploads\/2026\/02\/20260214_164313-1416x2048.jpg 1416w, https:\/\/azalee-therapie.ch\/dietetique\/wp-content\/uploads\/2026\/02\/20260214_164313.jpg 1583w\" sizes=\"auto, (max-width: 207px) 100vw, 207px\" \/> <img loading=\"lazy\" decoding=\"async\" class=\"size-medium wp-image-4675 alignright\" src=\"https:\/\/azalee-therapie.ch\/dietetique\/wp-content\/uploads\/2026\/02\/20260214_190725-202x300.jpg\" alt=\"\" width=\"202\" height=\"300\" srcset=\"https:\/\/azalee-therapie.ch\/dietetique\/wp-content\/uploads\/2026\/02\/20260214_190725-202x300.jpg 202w, https:\/\/azalee-therapie.ch\/dietetique\/wp-content\/uploads\/2026\/02\/20260214_190725-689x1024.jpg 689w, https:\/\/azalee-therapie.ch\/dietetique\/wp-content\/uploads\/2026\/02\/20260214_190725-768x1141.jpg 768w, https:\/\/azalee-therapie.ch\/dietetique\/wp-content\/uploads\/2026\/02\/20260214_190725-1034x1536.jpg 1034w, https:\/\/azalee-therapie.ch\/dietetique\/wp-content\/uploads\/2026\/02\/20260214_190725-1379x2048.jpg 1379w, https:\/\/azalee-therapie.ch\/dietetique\/wp-content\/uploads\/2026\/02\/20260214_190725-scaled.jpg 1723w\" sizes=\"auto, (max-width: 202px) 100vw, 202px\" \/><\/p>\n<p>&nbsp;<\/p>\n<p>Quand j\u2019aurais un nouveau four, je pourrai vous pr\u00e9senter des cr\u00e9ations mieux abouties.\u00a0<\/p>\n<p><img loading=\"lazy\" decoding=\"async\" class=\"alignnone size-medium wp-image-4683\" src=\"https:\/\/azalee-therapie.ch\/dietetique\/wp-content\/uploads\/2026\/02\/20260214_222920-300x169.jpg\" alt=\"\" width=\"300\" height=\"169\" srcset=\"https:\/\/azalee-therapie.ch\/dietetique\/wp-content\/uploads\/2026\/02\/20260214_222920-300x169.jpg 300w, https:\/\/azalee-therapie.ch\/dietetique\/wp-content\/uploads\/2026\/02\/20260214_222920-1024x576.jpg 1024w, https:\/\/azalee-therapie.ch\/dietetique\/wp-content\/uploads\/2026\/02\/20260214_222920-768x432.jpg 768w, https:\/\/azalee-therapie.ch\/dietetique\/wp-content\/uploads\/2026\/02\/20260214_222920-1536x864.jpg 1536w, https:\/\/azalee-therapie.ch\/dietetique\/wp-content\/uploads\/2026\/02\/20260214_222920-2048x1152.jpg 2048w\" sizes=\"auto, (max-width: 300px) 100vw, 300px\" \/> <img loading=\"lazy\" decoding=\"async\" class=\"alignnone size-medium wp-image-4684\" src=\"https:\/\/azalee-therapie.ch\/dietetique\/wp-content\/uploads\/2026\/02\/20260214_222906-300x169.jpg\" alt=\"\" width=\"300\" height=\"169\" srcset=\"https:\/\/azalee-therapie.ch\/dietetique\/wp-content\/uploads\/2026\/02\/20260214_222906-300x169.jpg 300w, https:\/\/azalee-therapie.ch\/dietetique\/wp-content\/uploads\/2026\/02\/20260214_222906-1024x576.jpg 1024w, https:\/\/azalee-therapie.ch\/dietetique\/wp-content\/uploads\/2026\/02\/20260214_222906-768x432.jpg 768w, https:\/\/azalee-therapie.ch\/dietetique\/wp-content\/uploads\/2026\/02\/20260214_222906-1536x864.jpg 1536w, https:\/\/azalee-therapie.ch\/dietetique\/wp-content\/uploads\/2026\/02\/20260214_222906-2048x1152.jpg 2048w\" sizes=\"auto, (max-width: 300px) 100vw, 300px\" \/><\/p>\n<p>&nbsp;<\/p>\n<p>&nbsp;<\/p>\n<p><span style=\"color: #3366ff;\">Carr\u00e9 aux dattes, canneberges<\/span>\u00a0 \u00a0 <span style=\"color: #993366;\">sans gluten, sans lactose, sans \u0153uf\u00a0<\/span><\/p>\n<p><span style=\"color: #993300;\">Avec Millet cuit. Il sert de liant, pour ne pas utiliser de farine.<\/span><\/p>\n<p>100 gr millet dor\u00e9,\u00a0 1\/2\u00a0 zeste de citron, 1 cs sucre complet fleur de coco ou jacunta, 1 pt couteau girofle moule,\u00a0 1 ct cannelle moulues, 2 dl eau, 1 pinc\u00e9e sel. Cuire, mijoter, remuer r\u00e9guli\u00e8re environ 20 min, bien le cuire, peut-\u00eatre y rajouter un peu d&rsquo;eau, et r\u00e9duire tout le liquide pour obtenir un appareil collant, refroidir.<\/p>\n<p>Partager en deux parts, prendre une plaque \u00e0 g\u00e2teau de 20&#215;20 cm, papier de cuisson,\u00a0 y \u00e9taler une part.\u00a0<\/p>\n<p>150 gr de canneberges, 100 gr dattes d\u00e9noyaut\u00e9es,\u00a0 \u00e9minc\u00e9e,\u00a0 1 cs sucre complet jacunta, 4 jus de mandarine,\u00a0 2 zeste de mandarine,\u00a0 1 pt couteau de poudre \u00e0 lever,\u00a0 1 dl eau. Cuire mijoter 30 min en remuant r\u00e9guli\u00e8rement,\u00a0 obtenir une pur\u00e9e,\u00a0 il faut que le liquide soit compl\u00e8tement absorber.\u00a0 Refroidir.\u00a0<\/p>\n<p>\u00c9taler la compote sur le m\u00e9lange pr\u00e9c\u00e9dent. Puis recouvrir de la pr\u00e9paration ci-dessous.<\/p>\n<p>Ajouter \u00e0 l\u2019autre part. :\u00a0 100 gr de quinoa souffl\u00e9,\u00a0 50 gr flocons de Millet,\u00a0 <span style=\"font-family: helvetica, arial, sans-serif; font-size: 16px;\">1 c. Th\u00e9 de cannelle moulue, <\/span>\u00a04 cs huile d\u2019olive (pour salade), 2 zestes mandarine, bien remuer, \u00e0 garder pour \u00e9taler sur la compote.<\/p>\n<p>Enfourner \u00e0 180\u00b0C,\u00a0 temps de cuisson selon votre four. Environ 35 \u00e0 45 min.<\/p>\n<p>&nbsp;<\/p>\n<p>Sortir du four quand la p\u00e2te devient dor\u00e9,\u00a0 bien laisser refroidir\u00a0 car l\u2019appareil\u00a0 est tr\u00e8s friable. Couper en cubes .\u00a0<\/p>\n<p>&nbsp;<\/p>\n<p>&nbsp;<\/p>\n<p>Photo \u00e0 venir\u00a0<\/p>\n","protected":false},"excerpt":{"rendered":"<p>\u00a0 3x la recette dont d\u00e8s la 2e sans gluten, sans lactose\u00a0 Carr\u00e9 aux dattes original Pr\u00e9chauffer le four \u00e0 180 \u00b0C. plaque carr\u00e9 de 18x18cm ou plat a gratin &hellip; <a href=\"https:\/\/azalee-therapie.ch\/dietetique\/carre-aux-dattes\/\" class=\"more-link\">Continuer la lecture de <span class=\"screen-reader-text\">Carr\u00e9 aux dattes et (sans gluten)<\/span><\/a><\/p>\n","protected":false},"author":2,"featured_media":0,"parent":0,"menu_order":0,"comment_status":"closed","ping_status":"closed","template":"","meta":{"footnotes":""},"class_list":["post-1281","page","type-page","status-publish","hentry"],"_links":{"self":[{"href":"https:\/\/azalee-therapie.ch\/dietetique\/wp-json\/wp\/v2\/pages\/1281","targetHints":{"allow":["GET"]}}],"collection":[{"href":"https:\/\/azalee-therapie.ch\/dietetique\/wp-json\/wp\/v2\/pages"}],"about":[{"href":"https:\/\/azalee-therapie.ch\/dietetique\/wp-json\/wp\/v2\/types\/page"}],"author":[{"embeddable":true,"href":"https:\/\/azalee-therapie.ch\/dietetique\/wp-json\/wp\/v2\/users\/2"}],"replies":[{"embeddable":true,"href":"https:\/\/azalee-therapie.ch\/dietetique\/wp-json\/wp\/v2\/comments?post=1281"}],"version-history":[{"count":12,"href":"https:\/\/azalee-therapie.ch\/dietetique\/wp-json\/wp\/v2\/pages\/1281\/revisions"}],"predecessor-version":[{"id":4686,"href":"https:\/\/azalee-therapie.ch\/dietetique\/wp-json\/wp\/v2\/pages\/1281\/revisions\/4686"}],"wp:attachment":[{"href":"https:\/\/azalee-therapie.ch\/dietetique\/wp-json\/wp\/v2\/media?parent=1281"}],"curies":[{"name":"wp","href":"https:\/\/api.w.org\/{rel}","templated":true}]}}