{"id":1536,"date":"2017-04-16T17:01:41","date_gmt":"2017-04-16T17:01:41","guid":{"rendered":"http:\/\/azalee-reflexo.ch\/?page_id=1536"},"modified":"2017-06-11T20:27:15","modified_gmt":"2017-06-11T20:27:15","slug":"brownies-moelleux","status":"publish","type":"page","link":"https:\/\/azalee-therapie.ch\/dietetique\/brownies-moelleux\/","title":{"rendered":"Brownies moelleux"},"content":{"rendered":"<p><span style=\"font-size: 16px; font-family: helvetica,arial,sans-serif;\"><strong><u><span style=\"color: #993300;\">Brownies moelleux<\/span> <\/u><\/strong><\/span><\/p>\n<p><span style=\"font-size: 16px; font-family: helvetica,arial,sans-serif;\">100 gr farine compl\u00e8te \u00e9peautre ou sarassin<br \/>\n 100 gr margarine fondu ou huile de colza<br \/>\n 50 gr huile de noisette<br \/>\n 1 cc extrait de vanille<br \/>\n 50 gr de sucre complet<br \/>\n 2 \u0153ufs<br \/>\n 200 gr de chocolat noir cuisine ou 4cs poudre de cacao \u00e0 cuire sans sucre<br \/>\n 1\/2 cc poudre \u00e0 lever<br \/>\n 1 pinc\u00e9e de sel<br \/>\n 150 gr de fruits secs, hach\u00e9 grossi\u00e8rement \u00e0 la main (noix, noisette, raisins, amandes, noix de cajou \u2026)<\/span><\/p>\n<p><span style=\"font-size: 16px; font-family: helvetica,arial,sans-serif;\">M\u00e9langer tous les ingr\u00e9dients ensemble, au batteur<br \/>\n sauf les fruits ou noix qu&rsquo;on ajoutera au dernier moment \u00e0 la spatule.<br \/>\n Verser la p\u00e2te dans un moule carr\u00e9 de 20&#215;20, huil\u00e9 ou sur un papier cuisson<br \/>\n <\/span><\/p>\n<p><span style=\"font-size: 16px; font-family: helvetica,arial,sans-serif;\">Cuisson\u00a0: 18 \u00e0 20 min \u00e0 180\u00b0C &#8230; plus ou moins cuit&#8230;pour le moelleux d\u00e9sir\u00e9<br \/>\n <\/span><\/p>\n<p>&nbsp;<\/p>\n<p><span style=\"font-size: 16px; font-family: helvetica,arial,sans-serif;\"><u><span style=\"color: #993300;\">Gla\u00e7age<\/span>\u00a0<\/u>: <br \/>\n 2 cs de sucre glace<br \/>\n 50 gr de chocolat noire fondu<br \/>\n \u00bd \u00e0 1 cs eau chaude<br \/>\n <\/span><\/p>\n<p><span style=\"font-size: 16px; font-family: helvetica,arial,sans-serif;\">D\u00e9mouler, refroidir le g\u00e2teau, puis d\u00e9couper en tranches ou carr\u00e9 <br \/>\n D\u00e9poser le gla\u00e7age \u00e0 la spatule sur le g\u00e2teau<br \/>\n <\/span><\/p>\n<p><img loading=\"lazy\" decoding=\"async\" class=\"aligncenter  wp-image-1541\" src=\"http:\/\/azalee-reflexo.ch\/wp-content\/uploads\/2017\/04\/2017-04-02-01.35.25.jpg\" alt=\"2017-04-02 01.35.25\" width=\"395\" height=\"222\" srcset=\"https:\/\/azalee-therapie.ch\/dietetique\/wp-content\/uploads\/2017\/04\/2017-04-02-01.35.25.jpg 5312w, https:\/\/azalee-therapie.ch\/dietetique\/wp-content\/uploads\/2017\/04\/2017-04-02-01.35.25-300x169.jpg 300w, https:\/\/azalee-therapie.ch\/dietetique\/wp-content\/uploads\/2017\/04\/2017-04-02-01.35.25-768x432.jpg 768w, https:\/\/azalee-therapie.ch\/dietetique\/wp-content\/uploads\/2017\/04\/2017-04-02-01.35.25-1024x576.jpg 1024w\" sizes=\"auto, (max-width: 395px) 100vw, 395px\" \/><\/p>\n","protected":false},"excerpt":{"rendered":"<p>Brownies moelleux 100 gr farine compl\u00e8te \u00e9peautre ou sarassin 100 gr margarine fondu ou huile de colza 50 gr huile de noisette 1 cc extrait de vanille 50 gr de &hellip; <a href=\"https:\/\/azalee-therapie.ch\/dietetique\/brownies-moelleux\/\" class=\"more-link\">Continuer la lecture de <span class=\"screen-reader-text\">Brownies moelleux<\/span><\/a><\/p>\n","protected":false},"author":2,"featured_media":0,"parent":0,"menu_order":0,"comment_status":"closed","ping_status":"closed","template":"","meta":{"footnotes":""},"class_list":["post-1536","page","type-page","status-publish","hentry"],"_links":{"self":[{"href":"https:\/\/azalee-therapie.ch\/dietetique\/wp-json\/wp\/v2\/pages\/1536","targetHints":{"allow":["GET"]}}],"collection":[{"href":"https:\/\/azalee-therapie.ch\/dietetique\/wp-json\/wp\/v2\/pages"}],"about":[{"href":"https:\/\/azalee-therapie.ch\/dietetique\/wp-json\/wp\/v2\/types\/page"}],"author":[{"embeddable":true,"href":"https:\/\/azalee-therapie.ch\/dietetique\/wp-json\/wp\/v2\/users\/2"}],"replies":[{"embeddable":true,"href":"https:\/\/azalee-therapie.ch\/dietetique\/wp-json\/wp\/v2\/comments?post=1536"}],"version-history":[{"count":6,"href":"https:\/\/azalee-therapie.ch\/dietetique\/wp-json\/wp\/v2\/pages\/1536\/revisions"}],"predecessor-version":[{"id":1722,"href":"https:\/\/azalee-therapie.ch\/dietetique\/wp-json\/wp\/v2\/pages\/1536\/revisions\/1722"}],"wp:attachment":[{"href":"https:\/\/azalee-therapie.ch\/dietetique\/wp-json\/wp\/v2\/media?parent=1536"}],"curies":[{"name":"wp","href":"https:\/\/api.w.org\/{rel}","templated":true}]}}