{"id":173,"date":"2016-08-11T16:01:07","date_gmt":"2016-08-11T16:01:07","guid":{"rendered":"http:\/\/azalee-reflexo.ch\/?page_id=173"},"modified":"2016-11-28T23:06:14","modified_gmt":"2016-11-28T23:06:14","slug":"salade-verte-pomme-basilic-pistaches","status":"publish","type":"page","link":"https:\/\/azalee-therapie.ch\/dietetique\/salade-verte-pomme-basilic-pistaches\/","title":{"rendered":"Salade verte pomme basilic pistaches"},"content":{"rendered":"<p style=\"text-align: left;\"><span style=\"text-decoration: underline; color: #008000; font-size: 16px; font-family: helvetica,arial,sans-serif;\"><strong>Salade verte de pomme basilic et pistaches<\/strong><\/span><br \/>\n<span style=\"font-size: 16px; font-family: helvetica,arial,sans-serif;\"> 6 personnes\u00a0 <\/span><\/p>\n<p><span style=\"font-size: 16px; font-family: helvetica,arial,sans-serif;\"> 200 g de salade verte<\/span><br \/>\n<span style=\"font-size: 16px; font-family: helvetica,arial,sans-serif;\"> 100 g de tomates cerises<\/span><br \/>\n<span style=\"font-size: 16px; font-family: helvetica,arial,sans-serif;\"> 1 grosse pomme finement tranch\u00e9e<\/span><br \/>\n<span style=\"font-size: 16px; font-family: helvetica,arial,sans-serif;\"> 120 g de roquefort \u00e9miett\u00e9<\/span><br \/>\n<span style=\"font-size: 16px; font-family: helvetica,arial,sans-serif;\"> 6 feuilles de basilic \u00e9minc\u00e9es<\/span><br \/>\n<span style=\"font-size: 16px; font-family: helvetica,arial,sans-serif;\">80 g de pistaches <br \/>\n<\/span><\/p>\n<p style=\"text-align: left;\"><span style=\"font-size: 16px; font-family: helvetica,arial,sans-serif;\">Sauce:<\/span><br \/>\n<span style=\"font-size: 16px; font-family: helvetica,arial,sans-serif;\"> 3 cuill\u00e8res \u00e0 soupe d&rsquo;huile d&rsquo;olive extra vierge<\/span><br \/>\n<span style=\"font-size: 16px; font-family: helvetica,arial,sans-serif;\"> 2 cuill\u00e8res \u00e0 soupe de vinaigre balsamique<\/span><br \/>\n<span style=\"font-size: 16px; font-family: helvetica,arial,sans-serif;\"> 1 gousse d&rsquo;ail, \u00e9cras\u00e9e<\/span><br \/>\n<span style=\"font-size: 16px; font-family: helvetica,arial,sans-serif;\"> 2 grands oignons rouges tranch\u00e9s finement<\/span><br \/>\n<span style=\"font-size: 16px; font-family: helvetica,arial,sans-serif;\"> 1 c. \u00e0 th\u00e9 de moutarde<\/span><br \/>\n<span style=\"font-size: 16px; font-family: helvetica,arial,sans-serif;\"> sel et poivre<\/span><\/p>\n","protected":false},"excerpt":{"rendered":"<p>Salade verte de pomme basilic et pistaches 6 personnes\u00a0 200 g de salade verte 100 g de tomates cerises 1 grosse pomme finement tranch\u00e9e 120 g de roquefort \u00e9miett\u00e9 6 &hellip; <a href=\"https:\/\/azalee-therapie.ch\/dietetique\/salade-verte-pomme-basilic-pistaches\/\" class=\"more-link\">Continuer la lecture de <span class=\"screen-reader-text\">Salade verte pomme basilic pistaches<\/span><\/a><\/p>\n","protected":false},"author":2,"featured_media":0,"parent":0,"menu_order":0,"comment_status":"closed","ping_status":"closed","template":"","meta":{"footnotes":""},"class_list":["post-173","page","type-page","status-publish","hentry"],"_links":{"self":[{"href":"https:\/\/azalee-therapie.ch\/dietetique\/wp-json\/wp\/v2\/pages\/173","targetHints":{"allow":["GET"]}}],"collection":[{"href":"https:\/\/azalee-therapie.ch\/dietetique\/wp-json\/wp\/v2\/pages"}],"about":[{"href":"https:\/\/azalee-therapie.ch\/dietetique\/wp-json\/wp\/v2\/types\/page"}],"author":[{"embeddable":true,"href":"https:\/\/azalee-therapie.ch\/dietetique\/wp-json\/wp\/v2\/users\/2"}],"replies":[{"embeddable":true,"href":"https:\/\/azalee-therapie.ch\/dietetique\/wp-json\/wp\/v2\/comments?post=173"}],"version-history":[{"count":7,"href":"https:\/\/azalee-therapie.ch\/dietetique\/wp-json\/wp\/v2\/pages\/173\/revisions"}],"predecessor-version":[{"id":1339,"href":"https:\/\/azalee-therapie.ch\/dietetique\/wp-json\/wp\/v2\/pages\/173\/revisions\/1339"}],"wp:attachment":[{"href":"https:\/\/azalee-therapie.ch\/dietetique\/wp-json\/wp\/v2\/media?parent=173"}],"curies":[{"name":"wp","href":"https:\/\/api.w.org\/{rel}","templated":true}]}}