{"id":1959,"date":"2017-09-11T19:06:06","date_gmt":"2017-09-11T19:06:06","guid":{"rendered":"http:\/\/azalee-reflexo.ch\/?page_id=1959"},"modified":"2017-09-11T19:22:01","modified_gmt":"2017-09-11T19:22:01","slug":"gratin-de-chou-fleur-au-sarassin","status":"publish","type":"page","link":"https:\/\/azalee-therapie.ch\/dietetique\/gratin-de-chou-fleur-au-sarassin\/","title":{"rendered":"Gratin de chou au sarrasin"},"content":{"rendered":"<p style=\"text-align: left;\"><span style=\"text-decoration: underline; font-family: helvetica,arial,sans-serif; font-size: 16px;\"><strong><span style=\"color: #808000; text-decoration: underline;\">Gratin de chou au sarrasin<\/span><\/strong><\/span><\/p>\n<p style=\"text-align: left;\"><span style=\"font-family: helvetica,arial,sans-serif; font-size: 16px;\">Recette pour 2 personnes<\/span><\/p>\n<p style=\"text-align: left;\"><span style=\"font-family: helvetica,arial,sans-serif; font-size: 16px;\">Graisser un plat \u00e0 gratin<\/span><br \/>\n<span style=\"font-family: helvetica,arial,sans-serif; font-size: 16px;\"> verser 40 gr de sarrasin<\/span><br \/>\n<span style=\"font-family: helvetica,arial,sans-serif; font-size: 16px;\"> d\u00e9poser un petit chou-fleur blanchis<\/span><br \/>\n<span style=\"font-family: helvetica,arial,sans-serif; font-size: 16px;\"> 1 petit brocolis blanchis<\/span><br \/>\n<span style=\"font-family: helvetica,arial,sans-serif; font-size: 16px;\"> 1 carotte coup\u00e9 en cube et blanchis<\/span><br \/>\n<span style=\"font-family: helvetica,arial,sans-serif; font-size: 16px;\"> 1 poign\u00e9e d\u2019amande \u00e9minc\u00e9e<\/span><\/p>\n<p style=\"text-align: left;\"><span style=\"font-family: helvetica,arial,sans-serif; font-size: 16px;\">Dans une casserole verser\u00a0: <\/span><br \/>\n<span style=\"font-family: helvetica,arial,sans-serif; font-size: 16px;\"> 3 dl de lait \u00a0<\/span><br \/>\n<span style=\"font-family: helvetica,arial,sans-serif; font-size: 16px;\"> 2 dl eau<\/span><br \/>\n<span style=\"font-family: helvetica,arial,sans-serif; font-size: 16px;\"> 1 cs d\u2019huile d\u2019olive<\/span><br \/>\n<span style=\"font-family: helvetica,arial,sans-serif; font-size: 16px;\"> 2 prise de sel<\/span><br \/>\n<span style=\"font-family: helvetica,arial,sans-serif; font-size: 16px;\"> 3 tour de moulin de poivre<\/span><br \/>\n<span style=\"font-family: helvetica,arial,sans-serif; font-size: 16px;\"> \u00bd cc curcuma<\/span><br \/>\n<span style=\"font-family: helvetica,arial,sans-serif; font-size: 16px;\"> (a part ds 1 dl de lait froid ajouter 2 cs de f\u00e9cule de ma\u00efs)<\/span><br \/>\n<span style=\"font-family: helvetica,arial,sans-serif; font-size: 16px;\"> Puis ajouter au lait chaud<\/span><\/p>\n<p style=\"text-align: left;\"><span style=\"font-family: helvetica,arial,sans-serif; font-size: 16px;\">Lors d\u2019un bouillon verser sur les l\u00e9gumes<\/span><br \/>\n<span style=\"font-family: helvetica,arial,sans-serif; font-size: 16px;\"> puis enfourner 40min \u00e0 180\u00b0C<\/span><\/p>\n<p style=\"text-align: left;\"><span style=\"font-size: 16px; font-family: helvetica,arial,sans-serif;\">Eviter de saupoudrer de fromage avant d&rsquo;enfourner, le fromage est tr\u00e8s gras, lourd a dig\u00e9rer et calorique. La mati\u00e8re grasse du lait , gratinera votre plat et sera plus l\u00e9ger.<\/span><br \/>\n<span style=\"font-size: 16px; font-family: helvetica,arial,sans-serif;\"> L&rsquo;ajout d&rsquo;\u00e9pices aux mets donne le go\u00fbt <\/span><\/p>\n<p>\n <img loading=\"lazy\" decoding=\"async\" class=\"aligncenter  wp-image-1927\" src=\"http:\/\/azalee-reflexo.ch\/wp-content\/uploads\/2017\/09\/2017-08-29-18.43.45.jpg\" alt=\"\" width=\"361\" height=\"203\" srcset=\"https:\/\/azalee-therapie.ch\/dietetique\/wp-content\/uploads\/2017\/09\/2017-08-29-18.43.45.jpg 5312w, https:\/\/azalee-therapie.ch\/dietetique\/wp-content\/uploads\/2017\/09\/2017-08-29-18.43.45-300x169.jpg 300w, https:\/\/azalee-therapie.ch\/dietetique\/wp-content\/uploads\/2017\/09\/2017-08-29-18.43.45-768x432.jpg 768w, https:\/\/azalee-therapie.ch\/dietetique\/wp-content\/uploads\/2017\/09\/2017-08-29-18.43.45-1024x576.jpg 1024w\" sizes=\"auto, (max-width: 361px) 100vw, 361px\" \/><\/p>\n<p>&nbsp;<\/p>\n<p><img loading=\"lazy\" decoding=\"async\" class=\"aligncenter wp-image-1931 \" src=\"http:\/\/azalee-reflexo.ch\/wp-content\/uploads\/2017\/09\/2017-08-30-13.21.08-e1505157097475.jpg\" alt=\"\" width=\"236\" height=\"248\" srcset=\"https:\/\/azalee-therapie.ch\/dietetique\/wp-content\/uploads\/2017\/09\/2017-08-30-13.21.08-e1505157097475.jpg 2788w, https:\/\/azalee-therapie.ch\/dietetique\/wp-content\/uploads\/2017\/09\/2017-08-30-13.21.08-e1505157097475-285x300.jpg 285w, https:\/\/azalee-therapie.ch\/dietetique\/wp-content\/uploads\/2017\/09\/2017-08-30-13.21.08-e1505157097475-768x808.jpg 768w, https:\/\/azalee-therapie.ch\/dietetique\/wp-content\/uploads\/2017\/09\/2017-08-30-13.21.08-e1505157097475-973x1024.jpg 973w\" sizes=\"auto, (max-width: 236px) 100vw, 236px\" \/><\/p>\n","protected":false},"excerpt":{"rendered":"<p>Gratin de chou au sarrasin Recette pour 2 personnes Graisser un plat \u00e0 gratin verser 40 gr de sarrasin d\u00e9poser un petit chou-fleur blanchis 1 petit brocolis blanchis 1 carotte &hellip; <a href=\"https:\/\/azalee-therapie.ch\/dietetique\/gratin-de-chou-fleur-au-sarassin\/\" class=\"more-link\">Continuer la lecture de <span class=\"screen-reader-text\">Gratin de chou au sarrasin<\/span><\/a><\/p>\n","protected":false},"author":2,"featured_media":0,"parent":0,"menu_order":0,"comment_status":"closed","ping_status":"closed","template":"","meta":{"footnotes":""},"class_list":["post-1959","page","type-page","status-publish","hentry"],"_links":{"self":[{"href":"https:\/\/azalee-therapie.ch\/dietetique\/wp-json\/wp\/v2\/pages\/1959","targetHints":{"allow":["GET"]}}],"collection":[{"href":"https:\/\/azalee-therapie.ch\/dietetique\/wp-json\/wp\/v2\/pages"}],"about":[{"href":"https:\/\/azalee-therapie.ch\/dietetique\/wp-json\/wp\/v2\/types\/page"}],"author":[{"embeddable":true,"href":"https:\/\/azalee-therapie.ch\/dietetique\/wp-json\/wp\/v2\/users\/2"}],"replies":[{"embeddable":true,"href":"https:\/\/azalee-therapie.ch\/dietetique\/wp-json\/wp\/v2\/comments?post=1959"}],"version-history":[{"count":6,"href":"https:\/\/azalee-therapie.ch\/dietetique\/wp-json\/wp\/v2\/pages\/1959\/revisions"}],"predecessor-version":[{"id":1966,"href":"https:\/\/azalee-therapie.ch\/dietetique\/wp-json\/wp\/v2\/pages\/1959\/revisions\/1966"}],"wp:attachment":[{"href":"https:\/\/azalee-therapie.ch\/dietetique\/wp-json\/wp\/v2\/media?parent=1959"}],"curies":[{"name":"wp","href":"https:\/\/api.w.org\/{rel}","templated":true}]}}