{"id":2030,"date":"2017-09-22T14:26:42","date_gmt":"2017-09-22T14:26:42","guid":{"rendered":"http:\/\/azalee-reflexo.ch\/?page_id=2030"},"modified":"2017-09-22T14:33:03","modified_gmt":"2017-09-22T14:33:03","slug":"tacos-aux-sarrasins","status":"publish","type":"page","link":"https:\/\/azalee-therapie.ch\/dietetique\/tacos-aux-sarrasins\/","title":{"rendered":"Tacos aux sarrasins"},"content":{"rendered":"<p style=\"text-align: left;\"><span style=\"text-decoration: underline; font-family: helvetica,arial,sans-serif; font-size: 16px;\"><span style=\"color: #800000; text-decoration: underline;\">Tacos aux sarrasins<\/span><\/span><\/p>\n<p style=\"text-align: left;\"><span style=\"font-family: helvetica,arial,sans-serif; font-size: 16px;\">recette pour 4 personnes<\/span><br \/>\n<span style=\"font-family: helvetica,arial,sans-serif; font-size: 16px;\"> 80gr de haricot rouge tremp\u00e9e 12h\u00a0\u00a0\u00a0\u00a0\u00a0\u00a0\u00a0\u00a0 cuit \u00e0 part<\/span><br \/>\n<span style=\"font-family: helvetica,arial,sans-serif; font-size: 16px;\"> 1 cs huile\u00a0\u00a0\u00a0\u00a0\u00a0 \u00a0\u00a0\u00a0\u00a0\u00a0\u00a0\u00a0\u00a0\u00a0\u00a0 dans une po\u00eale ajouter<\/span><br \/>\n<span style=\"font-family: helvetica,arial,sans-serif; font-size: 16px;\"> 1 oignon hach\u00e9e\u00a0\u00a0\u00a0\u00a0\u00a0 ajouter<\/span><br \/>\n<span style=\"font-family: helvetica,arial,sans-serif; font-size: 16px;\"> 1 gousse d\u2019ail\u00a0\u00a0\u00a0\u00a0\u00a0\u00a0\u00a0\u00a0\u00a0\u00a0 ajouter<\/span><br \/>\n<span style=\"font-family: helvetica,arial,sans-serif; font-size: 16px;\"> 1 poivron rouge\u00a0 coup\u00e9 en d\u00e9s\u00a0\u00a0\u00a0 ajouter<\/span><br \/>\n<span style=\"font-family: helvetica,arial,sans-serif; font-size: 16px;\"> 1 chili \u00e9p\u00e9pin\u00e9e\u00a0\u00a0\u00a0\u00a0\u00a0\u00a0 ajouter<\/span><br \/>\n<span style=\"font-family: helvetica,arial,sans-serif; font-size: 16px;\"> Etuver le tout pendant environ 4min en remuant<\/span><\/p>\n<p style=\"text-align: left;\"><span style=\"font-family: helvetica,arial,sans-serif; font-size: 16px;\">80 gr de sarrasin\u00a0\u00a0\u00a0\u00a0 ajouter<\/span><\/p>\n<p style=\"text-align: left;\"><span style=\"font-family: helvetica,arial,sans-serif; font-size: 16px;\">2 \u00bd dl de bouillon\u00a0\u00a0 porter \u00e0 \u00e9bullition couvrir et baisser le feu, sans ouvrir, laisser gonfler \u00e0 feu tr\u00e8s doux 15 min. <\/span><br \/>\n<span style=\"font-family: helvetica,arial,sans-serif; font-size: 16px;\"> Puis \u00e9goutter si besoin et ajouter les haricots<\/span><\/p>\n<p style=\"text-align: left;\"><span style=\"font-family: helvetica,arial,sans-serif; font-size: 16px;\">Puis facultatif ajouter 100gr de ma\u00efs cuit<\/span><span style=\"font-family: helvetica,arial,sans-serif; font-size: 16px;\"><img loading=\"lazy\" decoding=\"async\" class=\"aligncenter wp-image-2034\" src=\"http:\/\/azalee-reflexo.ch\/wp-content\/uploads\/2017\/09\/2016-08-30-15.55.07.jpg\" alt=\"\" width=\"217\" height=\"122\" srcset=\"https:\/\/azalee-therapie.ch\/dietetique\/wp-content\/uploads\/2017\/09\/2016-08-30-15.55.07.jpg 5312w, https:\/\/azalee-therapie.ch\/dietetique\/wp-content\/uploads\/2017\/09\/2016-08-30-15.55.07-300x169.jpg 300w, https:\/\/azalee-therapie.ch\/dietetique\/wp-content\/uploads\/2017\/09\/2016-08-30-15.55.07-768x432.jpg 768w, https:\/\/azalee-therapie.ch\/dietetique\/wp-content\/uploads\/2017\/09\/2016-08-30-15.55.07-1024x576.jpg 1024w\" sizes=\"auto, (max-width: 217px) 100vw, 217px\" \/><\/span><br \/>\n<span style=\"font-family: helvetica,arial,sans-serif; font-size: 16px;\"> Aromatiser :\u00a0 fines herbes\u00a0selon la saison et rectifier l&rsquo;assaisonnement avec du sel et poivre<br \/>\n<\/span><\/p>\n<p style=\"text-align: left;\"><span style=\"font-family: helvetica,arial,sans-serif; font-size: 16px;\">R\u00e9partissez le tout dans 8 galettes de tacos<\/span><br \/>\n<span style=\"font-family: helvetica,arial,sans-serif; font-size: 16px;\"> Saupoudrez de 40gr de Parmesan \u00e9pluch\u00e9<\/span><br \/>\n<span style=\"font-family: helvetica,arial,sans-serif; font-size: 16px;\"> Passez au four \u00e0 200\u00b0C 15 min<\/span><br \/>\n<span style=\"font-family: helvetica,arial,sans-serif; font-size: 16px;\"> Servez avec une salade verte tomate<\/span><br \/>\n<span style=\"font-family: helvetica,arial,sans-serif; font-size: 16px;\"> \u00a0\u00a0\u00a0\u00a0\u00a0\u00a0\u00a0\u00a0\u00a0\u00a0\u00a0 \u00a0 <img loading=\"lazy\" decoding=\"async\" class=\"aligncenter wp-image-2036 \" src=\"http:\/\/azalee-reflexo.ch\/wp-content\/uploads\/2017\/09\/2016-08-31-12.30.47-1-e1506090625196.jpg\" alt=\"\" width=\"278\" height=\"162\" srcset=\"https:\/\/azalee-therapie.ch\/dietetique\/wp-content\/uploads\/2017\/09\/2016-08-31-12.30.47-1-e1506090625196.jpg 4873w, https:\/\/azalee-therapie.ch\/dietetique\/wp-content\/uploads\/2017\/09\/2016-08-31-12.30.47-1-e1506090625196-300x175.jpg 300w, https:\/\/azalee-therapie.ch\/dietetique\/wp-content\/uploads\/2017\/09\/2016-08-31-12.30.47-1-e1506090625196-768x448.jpg 768w, https:\/\/azalee-therapie.ch\/dietetique\/wp-content\/uploads\/2017\/09\/2016-08-31-12.30.47-1-e1506090625196-1024x597.jpg 1024w\" sizes=\"auto, (max-width: 278px) 100vw, 278px\" \/><\/span><\/p>\n","protected":false},"excerpt":{"rendered":"<p>Tacos aux sarrasins recette pour 4 personnes 80gr de haricot rouge tremp\u00e9e 12h\u00a0\u00a0\u00a0\u00a0\u00a0\u00a0\u00a0\u00a0 cuit \u00e0 part 1 cs huile\u00a0\u00a0\u00a0\u00a0\u00a0 \u00a0\u00a0\u00a0\u00a0\u00a0\u00a0\u00a0\u00a0\u00a0\u00a0 dans une po\u00eale ajouter 1 oignon hach\u00e9e\u00a0\u00a0\u00a0\u00a0\u00a0 ajouter 1 gousse &hellip; <a href=\"https:\/\/azalee-therapie.ch\/dietetique\/tacos-aux-sarrasins\/\" class=\"more-link\">Continuer la lecture de <span class=\"screen-reader-text\">Tacos aux sarrasins<\/span><\/a><\/p>\n","protected":false},"author":2,"featured_media":0,"parent":0,"menu_order":0,"comment_status":"closed","ping_status":"closed","template":"","meta":{"footnotes":""},"class_list":["post-2030","page","type-page","status-publish","hentry"],"_links":{"self":[{"href":"https:\/\/azalee-therapie.ch\/dietetique\/wp-json\/wp\/v2\/pages\/2030","targetHints":{"allow":["GET"]}}],"collection":[{"href":"https:\/\/azalee-therapie.ch\/dietetique\/wp-json\/wp\/v2\/pages"}],"about":[{"href":"https:\/\/azalee-therapie.ch\/dietetique\/wp-json\/wp\/v2\/types\/page"}],"author":[{"embeddable":true,"href":"https:\/\/azalee-therapie.ch\/dietetique\/wp-json\/wp\/v2\/users\/2"}],"replies":[{"embeddable":true,"href":"https:\/\/azalee-therapie.ch\/dietetique\/wp-json\/wp\/v2\/comments?post=2030"}],"version-history":[{"count":5,"href":"https:\/\/azalee-therapie.ch\/dietetique\/wp-json\/wp\/v2\/pages\/2030\/revisions"}],"predecessor-version":[{"id":2039,"href":"https:\/\/azalee-therapie.ch\/dietetique\/wp-json\/wp\/v2\/pages\/2030\/revisions\/2039"}],"wp:attachment":[{"href":"https:\/\/azalee-therapie.ch\/dietetique\/wp-json\/wp\/v2\/media?parent=2030"}],"curies":[{"name":"wp","href":"https:\/\/api.w.org\/{rel}","templated":true}]}}