{"id":2418,"date":"2017-11-30T17:14:39","date_gmt":"2017-11-30T17:14:39","guid":{"rendered":"http:\/\/azalee-reflexo.ch\/?page_id=2418"},"modified":"2017-11-30T17:22:12","modified_gmt":"2017-11-30T17:22:12","slug":"veloute-de-chou-fleur","status":"publish","type":"page","link":"https:\/\/azalee-therapie.ch\/dietetique\/veloute-de-chou-fleur\/","title":{"rendered":"Velout\u00e9 de chou-fleur"},"content":{"rendered":"<p style=\"text-align: left;\"><span style=\"font-family: helvetica, arial, sans-serif; font-size: 16px;\"><u><span style=\"color: #993300;\">Velout\u00e9 de chou-fleur<\/span><br \/>\n <\/u>Recette pour 6 personnes<\/span><br \/>\n <span style=\"font-family: helvetica, arial, sans-serif; font-size: 16px;\"> <u><br \/>\n <\/u>2 cs huile olive<\/span><br \/>\n <span style=\"font-family: helvetica, arial, sans-serif; font-size: 16px;\"> 1 cs farine sarrasin<\/span><br \/>\n <span style=\"font-family: helvetica, arial, sans-serif; font-size: 16px;\"> 1 oignon hach\u00e9<\/span><br \/>\n <span style=\"font-family: helvetica, arial, sans-serif; font-size: 16px;\"> 1 dl lait froid<\/span><br \/>\n <span style=\"font-family: helvetica, arial, sans-serif; font-size: 16px;\"> 5 dl eau ti\u00e8de<\/span><br \/>\n <span style=\"font-family: helvetica, arial, sans-serif; font-size: 16px;\"> Chauffer l\u2019huile, suer l\u00e9g\u00e8rement l\u2019oignon puis ajouter la farine, <\/span><br \/>\n <span style=\"font-family: helvetica, arial, sans-serif; font-size: 16px;\"> puis hors du feu ajouter le lait froid bien remuer ajouter l\u2019eau<\/span><br \/>\n <span style=\"font-family: helvetica, arial, sans-serif; font-size: 16px;\"> assaisonner avec sel, poivre, muscade<\/span><br \/>\n <span style=\"font-family: helvetica, arial, sans-serif; font-size: 16px;\"> puis ajouter, le pied du chou-fleur couper en morceau<\/span><br \/>\n <span style=\"font-family: helvetica, arial, sans-serif; font-size: 16px;\"> Mijoter 10 min <\/span><br \/>\n <span style=\"font-family: helvetica, arial, sans-serif; font-size: 16px;\"> Puis mixer, puis ajouter \u00e0 la pr\u00e9paration suivante<\/span><\/p>\n<p style=\"text-align: left;\"><span style=\"font-family: helvetica, arial, sans-serif; font-size: 16px;\">Dans une autre casserole<\/span><br \/>\n <span style=\"font-family: helvetica, arial, sans-serif; font-size: 16px;\"> Cuire 1 carotte \u00e9min\u00e9e<\/span><br \/>\n <span style=\"font-family: helvetica, arial, sans-serif; font-size: 16px;\"> 1 petite rave coup\u00e9e en cube<\/span><br \/>\n <span style=\"font-family: helvetica, arial, sans-serif; font-size: 16px;\"> 60 gr de pois cass\u00e9 sec tremper 1 nuit<\/span><br \/>\n <span style=\"font-family: helvetica, arial, sans-serif; font-size: 16px;\"> Ajouter 5dl eau, mijoter environ 15 min<\/span><br \/>\n <span style=\"font-family: helvetica, arial, sans-serif; font-size: 16px;\"> puis ajouter 100 gr de tr\u00e8s petit bouquet de chou-fleur<\/span><\/p>\n<p> <span style=\"font-family: helvetica, arial, sans-serif; font-size: 16px;\"><span style=\"color: #993300;\"> <u>Ne pas mixer cette pr\u00e9paration,<\/u> <\/span>elle va servir de <span style=\"color: #993300;\"><strong>garniture<\/strong><\/span><\/span><\/p>\n<p style=\"text-align: left;\"><span style=\"font-family: helvetica, arial, sans-serif; font-size: 16px;\">M\u00e9langer les 2 pr\u00e9parations, mijoter le tout encore 5 min<\/span><br \/>\n <span style=\"font-family: helvetica, arial, sans-serif; font-size: 16px;\"> Rectifier l\u2019assaisonnement et l\u2019\u00e9paisseur<\/span><\/p>\n<p style=\"text-align: left;\"><span style=\"font-family: helvetica, arial, sans-serif; font-size: 16px;\">Facultatif\u00a0: Cr\u00e9mer 3 dl cr\u00e8me 14% <\/span><br \/>\n <span style=\"font-family: helvetica, arial, sans-serif; font-size: 16px;\"> ou 3 filet d\u2019huile olive<\/span><\/p>\n<p>Saupoudrer de persil hach\u00e9 du cong\u00e9lateur ou s\u00e9ch\u00e9<\/p>\n<p>&nbsp;<\/p>\n<p><img loading=\"lazy\" decoding=\"async\" class=\"aligncenter wp-image-2431 \" src=\"http:\/\/azalee-reflexo.ch\/wp-content\/uploads\/2017\/11\/2017-11-19-17.26.12-e1512062397871.jpg\" alt=\"\" width=\"230\" height=\"261\" srcset=\"https:\/\/azalee-therapie.ch\/dietetique\/wp-content\/uploads\/2017\/11\/2017-11-19-17.26.12-e1512062397871.jpg 2855w, https:\/\/azalee-therapie.ch\/dietetique\/wp-content\/uploads\/2017\/11\/2017-11-19-17.26.12-e1512062397871-264x300.jpg 264w, https:\/\/azalee-therapie.ch\/dietetique\/wp-content\/uploads\/2017\/11\/2017-11-19-17.26.12-e1512062397871-768x872.jpg 768w, https:\/\/azalee-therapie.ch\/dietetique\/wp-content\/uploads\/2017\/11\/2017-11-19-17.26.12-e1512062397871-902x1024.jpg 902w\" sizes=\"auto, (max-width: 230px) 100vw, 230px\" \/><img loading=\"lazy\" decoding=\"async\" class=\"aligncenter wp-image-2426 \" src=\"http:\/\/azalee-reflexo.ch\/wp-content\/uploads\/2017\/11\/2017-11-19-15.17.23-e1512062254600.jpg\" alt=\"\" width=\"220\" height=\"160\" srcset=\"https:\/\/azalee-therapie.ch\/dietetique\/wp-content\/uploads\/2017\/11\/2017-11-19-15.17.23-e1512062254600.jpg 3824w, https:\/\/azalee-therapie.ch\/dietetique\/wp-content\/uploads\/2017\/11\/2017-11-19-15.17.23-e1512062254600-300x218.jpg 300w, https:\/\/azalee-therapie.ch\/dietetique\/wp-content\/uploads\/2017\/11\/2017-11-19-15.17.23-e1512062254600-768x557.jpg 768w, https:\/\/azalee-therapie.ch\/dietetique\/wp-content\/uploads\/2017\/11\/2017-11-19-15.17.23-e1512062254600-1024x743.jpg 1024w\" sizes=\"auto, (max-width: 220px) 100vw, 220px\" \/> <img loading=\"lazy\" decoding=\"async\" class=\"aligncenter wp-image-2427 \" src=\"http:\/\/azalee-reflexo.ch\/wp-content\/uploads\/2017\/11\/2017-11-19-15.18.13-e1512062441628.jpg\" alt=\"\" width=\"465\" height=\"259\" srcset=\"https:\/\/azalee-therapie.ch\/dietetique\/wp-content\/uploads\/2017\/11\/2017-11-19-15.18.13-e1512062441628.jpg 4926w, https:\/\/azalee-therapie.ch\/dietetique\/wp-content\/uploads\/2017\/11\/2017-11-19-15.18.13-e1512062441628-300x167.jpg 300w, https:\/\/azalee-therapie.ch\/dietetique\/wp-content\/uploads\/2017\/11\/2017-11-19-15.18.13-e1512062441628-768x428.jpg 768w, https:\/\/azalee-therapie.ch\/dietetique\/wp-content\/uploads\/2017\/11\/2017-11-19-15.18.13-e1512062441628-1024x571.jpg 1024w\" sizes=\"auto, (max-width: 465px) 100vw, 465px\" \/><\/p>\n<p>Mon chou fleur pesait 600 gr, j&rsquo;ai utilis\u00e9 200 gr pour le potage et le reste pour un l\u00e9gume<\/p>\n<p>\n<img loading=\"lazy\" decoding=\"async\" class=\"aligncenter wp-image-2430 \" src=\"http:\/\/azalee-reflexo.ch\/wp-content\/uploads\/2017\/11\/2017-11-19-16.44.58.jpg\" alt=\"\" width=\"322\" height=\"181\" srcset=\"https:\/\/azalee-therapie.ch\/dietetique\/wp-content\/uploads\/2017\/11\/2017-11-19-16.44.58.jpg 5312w, https:\/\/azalee-therapie.ch\/dietetique\/wp-content\/uploads\/2017\/11\/2017-11-19-16.44.58-300x169.jpg 300w, https:\/\/azalee-therapie.ch\/dietetique\/wp-content\/uploads\/2017\/11\/2017-11-19-16.44.58-768x432.jpg 768w, https:\/\/azalee-therapie.ch\/dietetique\/wp-content\/uploads\/2017\/11\/2017-11-19-16.44.58-1024x576.jpg 1024w\" sizes=\"auto, (max-width: 322px) 100vw, 322px\" \/><\/p>\n","protected":false},"excerpt":{"rendered":"<p>Velout\u00e9 de chou-fleur Recette pour 6 personnes 2 cs huile olive 1 cs farine sarrasin 1 oignon hach\u00e9 1 dl lait froid 5 dl eau ti\u00e8de Chauffer l\u2019huile, suer l\u00e9g\u00e8rement &hellip; <a href=\"https:\/\/azalee-therapie.ch\/dietetique\/veloute-de-chou-fleur\/\" class=\"more-link\">Continuer la lecture de <span class=\"screen-reader-text\">Velout\u00e9 de chou-fleur<\/span><\/a><\/p>\n","protected":false},"author":2,"featured_media":0,"parent":0,"menu_order":0,"comment_status":"closed","ping_status":"closed","template":"","meta":{"footnotes":""},"class_list":["post-2418","page","type-page","status-publish","hentry"],"_links":{"self":[{"href":"https:\/\/azalee-therapie.ch\/dietetique\/wp-json\/wp\/v2\/pages\/2418","targetHints":{"allow":["GET"]}}],"collection":[{"href":"https:\/\/azalee-therapie.ch\/dietetique\/wp-json\/wp\/v2\/pages"}],"about":[{"href":"https:\/\/azalee-therapie.ch\/dietetique\/wp-json\/wp\/v2\/types\/page"}],"author":[{"embeddable":true,"href":"https:\/\/azalee-therapie.ch\/dietetique\/wp-json\/wp\/v2\/users\/2"}],"replies":[{"embeddable":true,"href":"https:\/\/azalee-therapie.ch\/dietetique\/wp-json\/wp\/v2\/comments?post=2418"}],"version-history":[{"count":3,"href":"https:\/\/azalee-therapie.ch\/dietetique\/wp-json\/wp\/v2\/pages\/2418\/revisions"}],"predecessor-version":[{"id":2432,"href":"https:\/\/azalee-therapie.ch\/dietetique\/wp-json\/wp\/v2\/pages\/2418\/revisions\/2432"}],"wp:attachment":[{"href":"https:\/\/azalee-therapie.ch\/dietetique\/wp-json\/wp\/v2\/media?parent=2418"}],"curies":[{"name":"wp","href":"https:\/\/api.w.org\/{rel}","templated":true}]}}