{"id":32,"date":"2016-07-28T19:03:00","date_gmt":"2016-07-28T19:03:00","guid":{"rendered":"http:\/\/azalee-reflexo.ch\/?page_id=32"},"modified":"2025-01-11T18:46:11","modified_gmt":"2025-01-11T18:46:11","slug":"pourquoi-raffiner","status":"publish","type":"page","link":"https:\/\/azalee-therapie.ch\/dietetique\/pourquoi-raffiner\/","title":{"rendered":"Raffinage"},"content":{"rendered":"<p style=\"text-align: left;\"><span style=\"font-size: 16px; font-family: helvetica,arial,sans-serif;\">Le raffinage des aliments\u00a0:\u00a0Des aliments d\u00e9natur\u00e9s : \u00a0 <span style=\"color: #33cccc; font-size: 16px; font-family: helvetica,arial,sans-serif;\"><a href=\"http:\/\/azalee-reflexo.ch\/les-cereales-2\/\">C\u00e9r\u00e9ales<\/a>, <a href=\"http:\/\/azalee-reflexo.ch\/le-sucre\/\">sucre<\/a>, <a href=\"http:\/\/azalee-reflexo.ch\/le-sel\/\">sel<\/a>, <a href=\"http:\/\/azalee-reflexo.ch\/lhuile\/\">huiles<\/a> &#8230;\u00a0<\/span><br \/>\n<\/span><\/p>\n<p style=\"text-align: left;\"><span style=\"font-size: 16px; font-family: helvetica,arial,sans-serif;\">Les aliments <span style=\"color: #33cccc;\"><u>raffin\u00e9s<\/u> <\/span>sont<span style=\"color: #33cccc;\"> <u>inadapt\u00e9s<\/u><\/span> \u00e0 l&rsquo;organisme humain et produisent sur lui un effet <span style=\"color: #33cccc;\"><u>n\u00e9faste<\/u><\/span> constant, apprenez d\u00e8s maintenant \u00e0 les rep\u00e9rer, et \u00e0 les \u00e9liminer, les effets sur votre sant\u00e9 en seront consid\u00e9rables.<\/span><\/p>\n<p style=\"text-align: left;\"><span style=\"font-size: 16px; font-family: helvetica,arial,sans-serif;\">Les aliments raffin\u00e9s sont appauvris de vitamines et oligo-\u00e9l\u00e9ments, nutriments catalyseurs indispensables. En effet, la digestion fait intervenir des r\u00e9actions biochimiques qui consomment ces catalyseurs : s&rsquo;ils ne sont pas pr\u00e9sents dans l&rsquo;aliment, ils seront pr\u00e9lev\u00e9s dans l&rsquo;organisme, qui verra ainsi sa r\u00e9serve s&rsquo;appauvrir d&rsquo;autant plus qu&rsquo;elle n&rsquo;est pas ou peu renouvel\u00e9e. Il est m\u00e9dicalement absurde de raffiner des aliments car alors, du fait de leur int\u00e9r\u00eat nutritif faible ou nul, ils se comportent en parasites plut\u00f4t qu&rsquo;en alli\u00e9s.<\/span><\/p>\n<p style=\"text-align: left;\"><span style=\"font-size: 16px; font-family: helvetica,arial,sans-serif; color: #33cccc;\"><strong><u>Pourquoi raffiner ?<\/u><\/strong><\/span><\/p>\n<p style=\"text-align: left;\"><span style=\"font-size: 16px; font-family: helvetica,arial,sans-serif;\">Le but principal de cette pratique est de pr\u00e9venir l&rsquo;alt\u00e9ration de ces aliments, en supprimant des substances r\u00e9actives et ainsi de pouvoir les stocker facilement. L\u00e9gitime lorsqu&rsquo;il fallait pr\u00e9venir les risques de famine, cette n\u00e9cessit\u00e9 a \u00e9t\u00e9 satisfaite par l&rsquo;\u00e8re industrielle.<\/span><\/p>\n<p style=\"text-align: left;\"><span style=\"font-size: 16px; font-family: helvetica,arial,sans-serif;\">Ces stocks sont, aujourd&rsquo;hui, co\u00fbteux \u00e0 g\u00e9rer, \u00e0 l&rsquo;origine de campagnes publicitaires incitant \u00e0 consommer des aliments d\u00e9vitalis\u00e9s, et ils repr\u00e9sentent un scandale permanent alors que le Tiers-Monde souffre de sous-nutrition. Il suffirait de stocker raisonnablement et \u00e0 employer des produits frais non d\u00e9natur\u00e9s pour l&rsquo;usage courant.<\/span><\/p>\n<p style=\"text-align: left;\"><span style=\"font-size: 16px; font-family: helvetica,arial,sans-serif;\">Le consommateur doit r\u00e9tablir l&rsquo;\u00e9quilibre en refusant des aliments inadapt\u00e9s \u00e0 la physiologie et pr\u00e9judiciables \u00e0 long terme : ils favorisent les maladies de surcharge et, pour certains d&rsquo;entre eux, le processus de canc\u00e9risation.<\/span><\/p>\n<p style=\"text-align: left;\">\n<span style=\"color: #33cccc; font-size: 16px; font-family: helvetica,arial,sans-serif;\">voir les fiches suivantes : <a href=\"http:\/\/azalee-reflexo.ch\/les-cereales-2\/\">C\u00e9r\u00e9ales<\/a>, <a href=\"http:\/\/azalee-reflexo.ch\/le-sucre\/\">sucre<\/a>, <a href=\"http:\/\/azalee-reflexo.ch\/le-sel\/\">sel<\/a>, <a href=\"http:\/\/azalee-reflexo.ch\/lhuile\/\">huiles<\/a> &#8230;\u00a0<\/span><\/p>\n<p style=\"text-align: left;\"><span style=\"font-size: 16px; font-family: helvetica,arial,sans-serif;\">Conclusion :<\/span><\/p>\n<p style=\"text-align: left;\"><span style=\"font-size: 16px; font-family: helvetica,arial,sans-serif;\">Les pratiques du raffinage des aliments apparaissent aussi absurdes que nocives. Absurdes, car elles augmentent le co\u00fbt de production des produits tout en perturbant profond\u00e9ment leurs qualit\u00e9s originelles selon 3 m\u00e9canismes : * suppression d&rsquo;\u00e9l\u00e9ments de haute valeur nutritionnelle (prot\u00e9ines, acides gras insatur\u00e9s, vitamines, min\u00e9raux et oligo-\u00e9l\u00e9ments, fibres)<\/span><\/p>\n<p style=\"text-align: left;\"><span style=\"font-size: 16px; font-family: helvetica,arial,sans-serif;\">* transformation des nutriments conserv\u00e9s (cas des acides gras)<\/span><\/p>\n<p style=\"text-align: left;\"><span style=\"font-size: 16px; font-family: helvetica,arial,sans-serif;\">* concentration facilitant les exc\u00e8s (glucides, sel, corps gras ath\u00e9rog\u00e8nes) Nocives, car ces 3 m\u00e9canismes induisent, directement et indirectement, \u00e0 la fois carences et surcharges responsables de nombreuses maladies.<\/span><\/p>\n<p style=\"text-align: left;\"><span style=\"font-size: 16px; font-family: helvetica,arial,sans-serif;\">Dr Lylian Le Goff<\/span><\/p>\n<p><a href=\"http:\/\/azalee-reflexo.ch\/\">Accueil <\/a><\/p>\n","protected":false},"excerpt":{"rendered":"<p>Le raffinage des aliments\u00a0:\u00a0Des aliments d\u00e9natur\u00e9s : \u00a0 C\u00e9r\u00e9ales, sucre, sel, huiles &#8230;\u00a0 Les aliments raffin\u00e9s sont inadapt\u00e9s \u00e0 l&rsquo;organisme humain et produisent sur lui un effet n\u00e9faste constant, apprenez &hellip; <a href=\"https:\/\/azalee-therapie.ch\/dietetique\/pourquoi-raffiner\/\" class=\"more-link\">Continuer la lecture de <span class=\"screen-reader-text\">Raffinage<\/span><\/a><\/p>\n","protected":false},"author":2,"featured_media":0,"parent":0,"menu_order":0,"comment_status":"closed","ping_status":"closed","template":"","meta":{"footnotes":""},"class_list":["post-32","page","type-page","status-publish","hentry"],"_links":{"self":[{"href":"https:\/\/azalee-therapie.ch\/dietetique\/wp-json\/wp\/v2\/pages\/32","targetHints":{"allow":["GET"]}}],"collection":[{"href":"https:\/\/azalee-therapie.ch\/dietetique\/wp-json\/wp\/v2\/pages"}],"about":[{"href":"https:\/\/azalee-therapie.ch\/dietetique\/wp-json\/wp\/v2\/types\/page"}],"author":[{"embeddable":true,"href":"https:\/\/azalee-therapie.ch\/dietetique\/wp-json\/wp\/v2\/users\/2"}],"replies":[{"embeddable":true,"href":"https:\/\/azalee-therapie.ch\/dietetique\/wp-json\/wp\/v2\/comments?post=32"}],"version-history":[{"count":9,"href":"https:\/\/azalee-therapie.ch\/dietetique\/wp-json\/wp\/v2\/pages\/32\/revisions"}],"predecessor-version":[{"id":4363,"href":"https:\/\/azalee-therapie.ch\/dietetique\/wp-json\/wp\/v2\/pages\/32\/revisions\/4363"}],"wp:attachment":[{"href":"https:\/\/azalee-therapie.ch\/dietetique\/wp-json\/wp\/v2\/media?parent=32"}],"curies":[{"name":"wp","href":"https:\/\/api.w.org\/{rel}","templated":true}]}}