{"id":3207,"date":"2019-07-28T20:24:54","date_gmt":"2019-07-28T20:24:54","guid":{"rendered":"http:\/\/azalee-reflexo.ch\/pommebasilic\/?page_id=3207"},"modified":"2019-07-28T21:03:09","modified_gmt":"2019-07-28T21:03:09","slug":"la-chlorophylle","status":"publish","type":"page","link":"https:\/\/azalee-therapie.ch\/dietetique\/la-chlorophylle\/","title":{"rendered":"La chlorophylle"},"content":{"rendered":"<p style=\"text-align: left;\"><span style=\"font-family: georgia, palatino, serif;\">La <strong>chlorophylle<\/strong>\u00a0 est anti-fatigue &#8211; antioxydante &#8211; anti-inflammatoire \u2013 \u00e9nerg\u00e9tique &#8211; oxyg\u00e9nant\u00a0&#8211; cicatrisante \u00a0&#8211; pr\u00e9vient les\u00a0infections.\u00a0 <\/span><\/p>\n<p><span style=\"font-family: georgia, palatino, serif;\">C\u2019est le\u00a0pigment\u00a0qui donne la\u00a0couleur verte\u00a0aux v\u00e9g\u00e9taux.<\/span><\/p>\n<p><span style=\"font-family: georgia, palatino, serif;\">&#8211; sa structure chimique est tr\u00e8s proche de celle de nos globules rouges<\/span><\/p>\n<p><span style=\"font-family: georgia, palatino, serif;\">&#8211; c\u2019est le\u00a0sang vert\u00a0de la plante,\u00a0le magn\u00e9sium<\/span><\/p>\n<p><span style=\"font-family: georgia, palatino, serif;\">La chlorophylle transforme la\u00a0lumi\u00e8re en oxyg\u00e8ne\u00a0: en\u00a0\u00e9nergie, sous forme de\u00a0glucides\u00a0gr\u00e2ce \u00e0 la\u00a0photosynth\u00e8se. Elle permet \u00e0 la plante de se nourrir et vous de prendre de l\u2019\u00e9nergie.<\/span><\/p>\n<p><span style=\"font-family: georgia, palatino, serif;\">Elle est riche en nutriments : vitamines E-C-A-K, magn\u00e9sium, fer, phosphore, chrome, calcium, zinc, s\u00e9l\u00e9nium, potassium, cuivre et en prot\u00e9ines v\u00e9g\u00e9tales.\u00a0<\/span><\/p>\n<p><span style=\"font-family: georgia, palatino, serif;\">Elle dispara\u00eet rapidement \u00e0 l\u2019air libre et en cours de cuisson donc pr\u00e9f\u00e9rez consommer vos aliments\u00a0rapidement, crus ou tr\u00e8s peu cuits.\u00a0Quand les fanes des l\u00e9gumes que vous achetez sont encore fra\u00eeches, cuisinez-les.<\/span><\/p>\n<p><span style=\"font-family: georgia, palatino, serif;\">L\u2019avantage d\u2019en consommer pour notre sant\u00e9\u00a0:<\/span><br \/>\n<span style=\"font-family: georgia, palatino, serif;\">Elle nettoie notre organisme de ses toxines.<\/span><\/p>\n<p><span style=\"font-family: georgia, palatino, serif;\">Elle purifie le foie contre les toxines digestives.<\/span><\/p>\n<p><span style=\"font-family: georgia, palatino, serif;\">Elle r\u00e9duit les ballonnements et les gaz.<\/span><\/p>\n<p><span style=\"font-family: georgia, palatino, serif;\">Elle \u00e9limine les mauvaises odeurs de votre corps, par exemple\u00a0: sueur, urine, haleine.<\/span><\/p>\n<p><span style=\"font-family: georgia, palatino, serif;\">Elle nettoie de vos intestins et lutte contre la constipation et cela am\u00e9liore le transit intestinal.<\/span><\/p>\n<p><span style=\"font-family: georgia, palatino, serif;\">Elle nettoie votre corps de ses mycoses.<\/span><\/p>\n<p><span style=\"font-family: georgia, palatino, serif;\">Elle nettoie le corps des m\u00e9taux lourd.<\/span><\/p>\n<p><span style=\"font-family: georgia, palatino, serif;\">Elle permet de lutter contre l\u2019acidit\u00e9 de votre corps.<\/span><\/p>\n<p><span style=\"font-family: georgia, palatino, serif;\">Elle prot\u00e8ge le syst\u00e8me immunitaire et permet de retarder le vieillissement.<\/span><\/p>\n<p><span style=\"font-family: georgia, palatino, serif;\">Elle accro\u00eet votre vitalit\u00e9 g\u00e9n\u00e9rale et permet de lutter contre l\u2019an\u00e9mie. Elle am\u00e9liore la circulation sanguine.<\/span><\/p>\n<p><span style=\"font-family: georgia, palatino, serif;\">Elle diminue l\u2019hypertension et les taux de cholest\u00e9rol et de glyc\u00e9mie dans le sang.<\/span><\/p>\n<p><span style=\"font-family: georgia, palatino, serif;\">Elle aide \u00e0 garder la forme.<\/span><\/p>\n<p><span style=\"font-family: georgia, palatino, serif;\">Elle aide \u00e0 lutter contre la fatigue.<\/span><\/p>\n<p><span style=\"font-family: georgia, palatino, serif;\">Elle garde votre ventre plat.<\/span><\/p>\n<p><img loading=\"lazy\" decoding=\"async\" class=\"aligncenter  wp-image-3213\" src=\"http:\/\/azalee-reflexo.ch\/pommebasilic\/wp-content\/uploads\/2019\/07\/2018-07-29-17.11.56-1.jpg\" alt=\"\" width=\"348\" height=\"196\" srcset=\"https:\/\/azalee-therapie.ch\/dietetique\/wp-content\/uploads\/2019\/07\/2018-07-29-17.11.56-1.jpg 5312w, https:\/\/azalee-therapie.ch\/dietetique\/wp-content\/uploads\/2019\/07\/2018-07-29-17.11.56-1-300x169.jpg 300w, https:\/\/azalee-therapie.ch\/dietetique\/wp-content\/uploads\/2019\/07\/2018-07-29-17.11.56-1-768x432.jpg 768w, https:\/\/azalee-therapie.ch\/dietetique\/wp-content\/uploads\/2019\/07\/2018-07-29-17.11.56-1-1024x576.jpg 1024w\" sizes=\"auto, (max-width: 348px) 100vw, 348px\" \/><\/p>\n<p style=\"text-align: center;\"><span style=\"color: #800000;\">dent de lion\u00a0<\/span><\/p>\n<p><strong><span style=\"font-family: georgia, palatino, serif;\">Plus l\u2019aliment est de couleur fonc\u00e9 plus il en contient de chlorophylle.<\/span><\/strong><\/p>\n<p><span style=\"font-family: georgia, palatino, serif;\"><span style=\"color: #008000;\">dans les\u00a0l\u00e9gumes\u00a0et les\u00a0fruits verts<\/span><strong>\u00a0:<\/strong> brocolis, chou, asperges, fanes, salades, kiwis, \u00e9pinard d&rsquo;hiver, doucette, roquette, \u2026<\/span><\/p>\n<p><span style=\"font-family: georgia, palatino, serif;\"><span style=\"color: #008000;\">les\u00a0plantes aromatiques<\/span>\u00a0: persil, ciboulette, liv\u00e8che, basilic, marjolaine, sarriette, origan, \u2026<\/span><\/p>\n<p><img loading=\"lazy\" decoding=\"async\" class=\"wp-image-3100 aligncenter\" src=\"http:\/\/azalee-reflexo.ch\/pommebasilic\/wp-content\/uploads\/2019\/07\/basi-ic.jpg\" alt=\"\" width=\"114\" height=\"78\" srcset=\"https:\/\/azalee-therapie.ch\/dietetique\/wp-content\/uploads\/2019\/07\/basi-ic.jpg 612w, https:\/\/azalee-therapie.ch\/dietetique\/wp-content\/uploads\/2019\/07\/basi-ic-300x205.jpg 300w\" sizes=\"auto, (max-width: 114px) 100vw, 114px\" \/><\/p>\n<p><span style=\"font-family: georgia, palatino, serif;\"><span style=\"color: #008000;\">les\u00a0plantes sauvages\u00a0comestibles<\/span> : ortie, pissenlit, origan sauvage, pimprenelle, h\u00e9gopode, plantains, lierre terrestre, consoude, \u2026<\/span><\/p>\n<p><img loading=\"lazy\" decoding=\"async\" class=\"aligncenter  wp-image-3214\" src=\"http:\/\/azalee-reflexo.ch\/pommebasilic\/wp-content\/uploads\/2019\/07\/2019-05-26-17.17.21.jpg\" alt=\"\" width=\"559\" height=\"315\" srcset=\"https:\/\/azalee-therapie.ch\/dietetique\/wp-content\/uploads\/2019\/07\/2019-05-26-17.17.21.jpg 5312w, https:\/\/azalee-therapie.ch\/dietetique\/wp-content\/uploads\/2019\/07\/2019-05-26-17.17.21-300x169.jpg 300w, https:\/\/azalee-therapie.ch\/dietetique\/wp-content\/uploads\/2019\/07\/2019-05-26-17.17.21-768x432.jpg 768w, https:\/\/azalee-therapie.ch\/dietetique\/wp-content\/uploads\/2019\/07\/2019-05-26-17.17.21-1024x576.jpg 1024w\" sizes=\"auto, (max-width: 559px) 100vw, 559px\" \/><\/p>\n<p style=\"text-align: center;\"><span style=\"color: #800000;\">oxalis des bois<\/span><\/p>\n<p><span style=\"font-family: georgia, palatino, serif;\">Vous pouvez en faire des salades, des soupes, des pestos, \u2026<\/span><\/p>\n<p style=\"text-align: center;\">\u00a0<\/p>\n<p><span style=\"font-family: georgia, palatino, serif;\">Des jus l\u00e9gumes et fruits ou des\u00a0smoothies verts.<\/span><\/p>\n<p><span style=\"font-family: georgia, palatino, serif;\">Mixez des l\u00e9gumes verts avec une pomme, par exemple.\u00a0\u00a0<\/span><\/p>\n<p><img loading=\"lazy\" decoding=\"async\" class=\"aligncenter  wp-image-2207\" src=\"http:\/\/azalee-reflexo.ch\/pommebasilic\/wp-content\/uploads\/2017\/11\/Les-aliments-qui-protegent-du-cancer-du-poumon1.jpg\" alt=\"\" width=\"268\" height=\"246\" srcset=\"https:\/\/azalee-therapie.ch\/dietetique\/wp-content\/uploads\/2017\/11\/Les-aliments-qui-protegent-du-cancer-du-poumon1.jpg 1807w, https:\/\/azalee-therapie.ch\/dietetique\/wp-content\/uploads\/2017\/11\/Les-aliments-qui-protegent-du-cancer-du-poumon1-300x276.jpg 300w, https:\/\/azalee-therapie.ch\/dietetique\/wp-content\/uploads\/2017\/11\/Les-aliments-qui-protegent-du-cancer-du-poumon1-768x706.jpg 768w, https:\/\/azalee-therapie.ch\/dietetique\/wp-content\/uploads\/2017\/11\/Les-aliments-qui-protegent-du-cancer-du-poumon1-1024x941.jpg 1024w\" sizes=\"auto, (max-width: 268px) 100vw, 268px\" \/><\/p>\n<p><span style=\"font-family: georgia, palatino, serif;\"><u><span style=\"color: #008000;\">Soupe aux orties<\/span><\/u><span style=\"color: #008000;\">\u00a0<\/span> \u00a0 Pour 1 lt<\/span><\/p>\n<p><span style=\"font-family: georgia, palatino, serif;\">300 gr d\u2019orties lav\u00e9<\/span><br \/>\n<span style=\"font-family: georgia, palatino, serif;\">1 pomme de terre<\/span><br \/>\n<span style=\"font-family: georgia, palatino, serif;\">1 oignon<\/span><br \/>\n<span style=\"font-family: georgia, palatino, serif;\">\u00bd ct sel, poivre<\/span><br \/>\n<span style=\"font-family: georgia, palatino, serif;\">1 lt eau<\/span><\/p>\n<p><span style=\"font-family: georgia, palatino, serif;\">En fin de cuisson ajouter 3 cs de flocons d\u2019avoine fr\u00e9mir ne plus cuire. Donne de la consistance et est b\u00e9n\u00e9fique pour le syst\u00e8me nerveux. Si vous la cuisez rester \u00e0 c\u00f4t\u00e9 car elle d\u00e9borde de la casserole facilement.<\/span><\/p>\n<p><span style=\"font-family: georgia, palatino, serif;\">Mixer et ajouter 2 cs huile olive. Servez sans cuire<\/span><\/p>\n<p><span style=\"font-family: georgia, palatino, serif;\">L\u2019huile donnera du go\u00fbt \u00e0 votre potage et am\u00e8nera le AGE essentielle a votre corps.<\/span><\/p>\n<p><span style=\"font-family: georgia, palatino, serif;\">Un potage comme ceci le soir peut vous aider \u00e0 dormir car il contient que des aliments pour la d\u00e9tente.<\/span><\/p>\n<p>&nbsp;<\/p>\n<p><span style=\"font-family: georgia, palatino, serif;\">Variante : si vous avez un tronc de brocoli, ajoutez cela donnera aussi de la consistance.<\/span><\/p>\n<p><img loading=\"lazy\" decoding=\"async\" class=\"aligncenter  wp-image-3215\" src=\"http:\/\/azalee-reflexo.ch\/pommebasilic\/wp-content\/uploads\/2019\/07\/2019-05-24-13.24.29.jpg\" alt=\"\" width=\"339\" height=\"191\" srcset=\"https:\/\/azalee-therapie.ch\/dietetique\/wp-content\/uploads\/2019\/07\/2019-05-24-13.24.29.jpg 5312w, https:\/\/azalee-therapie.ch\/dietetique\/wp-content\/uploads\/2019\/07\/2019-05-24-13.24.29-300x169.jpg 300w, https:\/\/azalee-therapie.ch\/dietetique\/wp-content\/uploads\/2019\/07\/2019-05-24-13.24.29-768x432.jpg 768w, https:\/\/azalee-therapie.ch\/dietetique\/wp-content\/uploads\/2019\/07\/2019-05-24-13.24.29-1024x576.jpg 1024w\" sizes=\"auto, (max-width: 339px) 100vw, 339px\" \/><\/p>\n<p style=\"text-align: center;\"><span style=\"color: #800000;\">ortie<\/span><\/p>\n<p>&nbsp;<\/p>\n<p><span style=\"font-family: georgia, palatino, serif;\"><span style=\"color: #008000;\">L\u2019\u00c9GOPODE<\/span> est un excellent l\u00e9gume.<\/span><\/p>\n<p><span style=\"font-family: georgia, palatino, serif;\">C\u2019est un des plus nourrissant et abondant.<\/span><br \/>\n<span style=\"font-family: georgia, palatino, serif;\">Les jeunes feuilles cueillies entre les mois d\u2019avril \u00e0 juin. Elle a une feuille triangulaire, divis\u00e9e en trois, puis de nouveau en trois lorsqu\u2019elles sont encore tendres et brillantes, sont excellentes crues.<\/span><br \/>\n<span style=\"font-family: georgia, palatino, serif;\">Elles parfument agr\u00e9ablement les salades et pestos, en gratin, en quiches et autres souffl\u00e9s, les soupes et les risottos si elle est rajout\u00e9e en fin de cuisson.<\/span><br \/>\n<span style=\"font-family: georgia, palatino, serif;\">L\u2019automne venu, de nombreuses repousses nous permettrons de le r\u00e9utiliser en salade.<\/span><br \/>\n<span style=\"font-family: georgia, palatino, serif;\">L\u2019\u00e9gopode m\u00e9riterait d\u2019\u00eatre l\u2019alli\u00e9 du jardinier plut\u00f4t que son ennemi !<\/span><\/p>\n<p><span style=\"font-family: georgia, palatino, serif;\">TISANE CONTRE LES RHUMATISMES<\/span><\/p>\n<p><span style=\"color: #008000; font-family: georgia, palatino, serif;\"><u>Quiche \u00e0 l\u2019\u00e9gopode<\/u><\/span><\/p>\n<p><span style=\"font-family: georgia, palatino, serif;\">500 gr de jeunes feuilles d\u2019\u00e9gopode<\/span><br \/>\n<span style=\"font-family: georgia, palatino, serif;\">4 \u0153ufs<\/span><br \/>\n<span style=\"font-family: georgia, palatino, serif;\">1,5 dl huile olive<\/span><br \/>\n<span style=\"font-family: georgia, palatino, serif;\">2 cs flocon d\u2019avoine<\/span><\/p>\n<p><span style=\"font-family: georgia, palatino, serif;\">50 gr de noisette hach\u00e9 grossier<\/span><br \/>\n<span style=\"font-family: georgia, palatino, serif;\">100 gr de fromage r\u00e2p\u00e9<\/span><br \/>\n<span style=\"font-family: georgia, palatino, serif;\">Sel et poivre<\/span><\/p>\n<p><span style=\"font-family: georgia, palatino, serif;\">Une p\u00e2te \u00e0 tarte<\/span><br \/>\n<span style=\"font-family: georgia, palatino, serif;\">Blanchir les feuilles d\u2019\u00e9gopode, les essorer et r\u00e9cup\u00e9rez l\u2019eau. <\/span><br \/>\n<span style=\"font-family: georgia, palatino, serif;\">Vous pouvez boire cette tisane aux propri\u00e9t\u00e9s anti-rhumatismales.<\/span><br \/>\n<span style=\"font-family: georgia, palatino, serif;\">Battre les \u0153ufs, salez et poivrez.<\/span><br \/>\n<span style=\"font-family: georgia, palatino, serif;\">Coupez les feuilles blanchies et les m\u00e9langer tous les ingr\u00e9dients.<\/span><br \/>\n<span style=\"font-family: georgia, palatino, serif;\">Disposer une p\u00e2te dans un moule et d\u00e9poser le m\u00e9lange.<\/span><br \/>\n<span style=\"font-family: georgia, palatino, serif;\">Cuire au four pr\u00e9chauff\u00e9 \u00e0 180\u00b0C durant 40 min.<\/span><\/p>\n<p>&nbsp;<\/p>\n<p><span style=\"font-family: georgia, palatino, serif;\"><img loading=\"lazy\" decoding=\"async\" class=\"aligncenter size-full wp-image-3223\" src=\"http:\/\/azalee-reflexo.ch\/pommebasilic\/wp-content\/uploads\/2019\/07\/egopode.png\" alt=\"\" width=\"2000\" height=\"700\" srcset=\"https:\/\/azalee-therapie.ch\/dietetique\/wp-content\/uploads\/2019\/07\/egopode.png 2000w, https:\/\/azalee-therapie.ch\/dietetique\/wp-content\/uploads\/2019\/07\/egopode-300x105.png 300w, https:\/\/azalee-therapie.ch\/dietetique\/wp-content\/uploads\/2019\/07\/egopode-768x269.png 768w, https:\/\/azalee-therapie.ch\/dietetique\/wp-content\/uploads\/2019\/07\/egopode-1024x358.png 1024w\" sizes=\"auto, (max-width: 2000px) 100vw, 2000px\" \/><\/span><\/p>\n<p style=\"text-align: center;\"><span style=\"color: #800000; font-family: georgia, palatino, serif;\">Egopode<\/span><\/p>\n<p><span style=\"color: #008000; font-family: georgia, palatino, serif;\">UN BAIN DE PIED<\/span><\/p>\n<p><span style=\"font-family: georgia, palatino, serif;\">L\u2019infusion d\u2019\u00e9gopode prise sous forme de bain de pieds aide \u00e0 soulager une crise de goutte. C\u2019est un rem\u00e8de pouvant faire partie de votre pharmacie naturelle.<\/span><\/p>\n<p><span style=\"font-family: georgia, palatino, serif;\">Pr\u00e9parer un demi-litre d\u2019infusion de plantes fraiches : 2 bonnes poign\u00e9es de feuilles dans de l\u2019eau \u00e0 85\u00b0C durant 10 \u00e0 15 minutes.<\/span><\/p>\n<p><span style=\"font-family: georgia, palatino, serif;\">L\u2019infusion doit \u00eatre concentr\u00e9e et avoir une belle couleur vive.<\/span><\/p>\n<p><span style=\"font-family: georgia, palatino, serif;\">Versez le m\u00e9lange dans une bassine et placez-y les membres endoloris. Vous pouvez remplacer les feuilles d\u2019\u00e9gopode par des fleurs de reine des pr\u00e8s (Filipendula ulmaria) que l\u2019on trouve plus facilement en herboristerie.<\/span><\/p>\n<p><span style=\"font-family: georgia, palatino, serif;\">N\u2019oubliez pas, les crises de gouttes sont souvent dues \u00e0 une alimentation trop copieuse : exc\u00e8s d\u2019alcool, de viande, de poisson et de fruits de mer.<\/span><\/p>\n<p><span style=\"font-family: georgia, palatino, serif;\">La contribution d\u2019une mauvaise \u00e9limination de l\u2019acide urique par les reins.<\/span><\/p>\n<p><span style=\"color: #008000; font-family: georgia, palatino, serif;\">Utiliser une plante peut soulager, mais ne vous gu\u00e9rira pas si votre mode de vie de change pas\u00a0!<\/span><\/p>\n","protected":false},"excerpt":{"rendered":"<p>La chlorophylle\u00a0 est anti-fatigue &#8211; antioxydante &#8211; anti-inflammatoire \u2013 \u00e9nerg\u00e9tique &#8211; oxyg\u00e9nant\u00a0&#8211; cicatrisante \u00a0&#8211; pr\u00e9vient les\u00a0infections.\u00a0 C\u2019est le\u00a0pigment\u00a0qui donne la\u00a0couleur verte\u00a0aux v\u00e9g\u00e9taux. &#8211; sa structure chimique est tr\u00e8s proche de &hellip; <a href=\"https:\/\/azalee-therapie.ch\/dietetique\/la-chlorophylle\/\" class=\"more-link\">Continuer la lecture de <span class=\"screen-reader-text\">La chlorophylle<\/span><\/a><\/p>\n","protected":false},"author":2,"featured_media":0,"parent":0,"menu_order":0,"comment_status":"closed","ping_status":"closed","template":"","meta":{"footnotes":""},"class_list":["post-3207","page","type-page","status-publish","hentry"],"_links":{"self":[{"href":"https:\/\/azalee-therapie.ch\/dietetique\/wp-json\/wp\/v2\/pages\/3207","targetHints":{"allow":["GET"]}}],"collection":[{"href":"https:\/\/azalee-therapie.ch\/dietetique\/wp-json\/wp\/v2\/pages"}],"about":[{"href":"https:\/\/azalee-therapie.ch\/dietetique\/wp-json\/wp\/v2\/types\/page"}],"author":[{"embeddable":true,"href":"https:\/\/azalee-therapie.ch\/dietetique\/wp-json\/wp\/v2\/users\/2"}],"replies":[{"embeddable":true,"href":"https:\/\/azalee-therapie.ch\/dietetique\/wp-json\/wp\/v2\/comments?post=3207"}],"version-history":[{"count":12,"href":"https:\/\/azalee-therapie.ch\/dietetique\/wp-json\/wp\/v2\/pages\/3207\/revisions"}],"predecessor-version":[{"id":3225,"href":"https:\/\/azalee-therapie.ch\/dietetique\/wp-json\/wp\/v2\/pages\/3207\/revisions\/3225"}],"wp:attachment":[{"href":"https:\/\/azalee-therapie.ch\/dietetique\/wp-json\/wp\/v2\/media?parent=3207"}],"curies":[{"name":"wp","href":"https:\/\/api.w.org\/{rel}","templated":true}]}}