{"id":3444,"date":"2020-04-05T21:04:20","date_gmt":"2020-04-05T21:04:20","guid":{"rendered":"https:\/\/azalee-reflexo.ch\/pommebasilic\/?page_id=3444"},"modified":"2020-12-16T13:31:04","modified_gmt":"2020-12-16T13:31:04","slug":"potage-automnal","status":"publish","type":"page","link":"https:\/\/azalee-therapie.ch\/dietetique\/potage-automnal\/","title":{"rendered":"Bouillon automnal"},"content":{"rendered":"<p><span style=\"text-decoration: underline;\"><span style=\"color: #993300;\"><b>Bouillon automnal<\/b><\/span><\/span><\/p>\n<p><span style=\"font-weight: 400;\">1 oignon hach\u00e9<br \/>\n<\/span><span style=\"font-weight: 400;\">1 poireau avec blanc cisel\u00e9<br \/>\n<\/span><span style=\"font-weight: 400;\">200 gr c\u00e9leri coup\u00e9 en cube<br \/>\n<\/span><span style=\"font-weight: 400;\">3 branches de fenouil cisel\u00e9s<br \/>\n<\/span><span style=\"font-weight: 400;\">2 pomme de terre coup\u00e9 en cube<br \/>\n<\/span><span style=\"font-weight: 400;\">60 gr de lentilles corail tremp\u00e9es<br \/>\n<\/span><span style=\"font-weight: 400;\">2 cs huile olive<br \/>\n<\/span><span style=\"font-weight: 400;\">suer tous les aliments dans une marmite<br \/>\najouter\u00a0 1,5 lt\u00a0 d\u2019eau<br \/>\ncuire 30 min<br \/>\n<\/span>assaisonner\u00a0 1c\u00e0 th\u00e9 de sel,\u00a0 qq tour de moulin poivre,\u00a0 1 c \u00e0 s de curry,<\/p>\n<p>Dans une autre casserole cuire 300gr de courges, 15 min, m<span style=\"font-weight: 400;\">ixer et <\/span>\u00a0rectifier l\u2019assaisonnement, ajouter avec 1-2 cs d\u2019huile piment\u00e9, pour relever le go\u00fbt des l\u00e9gumes et verser dans l&rsquo;autre potage.<\/p>\n<p><span style=\"font-weight: 400;\">Parsemer une c \u00e0 s de fines herbes s\u00e9ch\u00e9es pour la garniture : <\/span><span style=\"font-weight: 400;\">ciboulette, basilic exotique, orties s\u00e9ch\u00e9e\u00a0 pour la d\u00e9coration.<\/span><\/p>\n<p>&nbsp;<\/p>\n<p>&nbsp;<\/p>\n<p><img loading=\"lazy\" decoding=\"async\" class=\"aligncenter  wp-image-3215\" src=\"https:\/\/fleur-azalee.ch\/pommebasilic\/wp-content\/uploads\/2019\/07\/2019-05-24-13.24.29.jpg\" alt=\"\" width=\"308\" height=\"548\" \/><\/p>\n","protected":false},"excerpt":{"rendered":"<p>Bouillon automnal 1 oignon hach\u00e9 1 poireau avec blanc cisel\u00e9 200 gr c\u00e9leri coup\u00e9 en cube 3 branches de fenouil cisel\u00e9s 2 pomme de terre coup\u00e9 en cube 60 gr &hellip; <a href=\"https:\/\/azalee-therapie.ch\/dietetique\/potage-automnal\/\" class=\"more-link\">Continuer la lecture de <span class=\"screen-reader-text\">Bouillon automnal<\/span><\/a><\/p>\n","protected":false},"author":2,"featured_media":0,"parent":0,"menu_order":0,"comment_status":"closed","ping_status":"closed","template":"","meta":{"footnotes":""},"class_list":["post-3444","page","type-page","status-publish","hentry"],"_links":{"self":[{"href":"https:\/\/azalee-therapie.ch\/dietetique\/wp-json\/wp\/v2\/pages\/3444","targetHints":{"allow":["GET"]}}],"collection":[{"href":"https:\/\/azalee-therapie.ch\/dietetique\/wp-json\/wp\/v2\/pages"}],"about":[{"href":"https:\/\/azalee-therapie.ch\/dietetique\/wp-json\/wp\/v2\/types\/page"}],"author":[{"embeddable":true,"href":"https:\/\/azalee-therapie.ch\/dietetique\/wp-json\/wp\/v2\/users\/2"}],"replies":[{"embeddable":true,"href":"https:\/\/azalee-therapie.ch\/dietetique\/wp-json\/wp\/v2\/comments?post=3444"}],"version-history":[{"count":6,"href":"https:\/\/azalee-therapie.ch\/dietetique\/wp-json\/wp\/v2\/pages\/3444\/revisions"}],"predecessor-version":[{"id":3566,"href":"https:\/\/azalee-therapie.ch\/dietetique\/wp-json\/wp\/v2\/pages\/3444\/revisions\/3566"}],"wp:attachment":[{"href":"https:\/\/azalee-therapie.ch\/dietetique\/wp-json\/wp\/v2\/media?parent=3444"}],"curies":[{"name":"wp","href":"https:\/\/api.w.org\/{rel}","templated":true}]}}