{"id":38,"date":"2016-07-28T19:59:08","date_gmt":"2016-07-28T19:59:08","guid":{"rendered":"http:\/\/azalee-reflexo.ch\/?page_id=38"},"modified":"2016-07-28T19:59:15","modified_gmt":"2016-07-28T19:59:15","slug":"gateau-aux-cerises","status":"publish","type":"page","link":"https:\/\/azalee-therapie.ch\/dietetique\/gateau-aux-cerises\/","title":{"rendered":"G\u00e2teau aux cerises"},"content":{"rendered":"<p>La longue histoire chimique d&rsquo;une tarte de supermarch\u00e9, par le Pr Claude Bourguignon.<\/p>\n<p>&nbsp;<\/p>\n<p><strong><u>Histoire de la P\u00e2te<\/u><\/strong><\/p>\n<p>Pour obtenir la farine, les grains de bl\u00e9 ont \u00e9t\u00e9 enrob\u00e9s d&rsquo;un fongicide avant semis. Pendant sa culture, le bl\u00e9 a re\u00e7u de 2 \u00e0 6 traitements de pesticides selon les ann\u00e9es, 1 traitement aux hormones pour raccourcir les tiges afin d&rsquo;\u00e9viter la verse et 1 dose importante d\u2019engrais : 240 kg d&rsquo;azote, 100 kg de phosphore et 100 kg de potassium \u00e0 l&rsquo;hectare, tout de m\u00eame !<\/p>\n<p>&nbsp;<\/p>\n<p>Le bl\u00e9 moissonn\u00e9, dans le silo, apr\u00e8s r\u00e9colte, les grains sont fumig\u00e9s au t\u00e9trachlorure de carbone et au bisulfite de carbone, puis arros\u00e9s au chlopyriphosm\u00e9thyl.<\/p>\n<p>Pour la mouture, la farine re\u00e7oit du chlorure de nitrosyle, puis de l&rsquo;acide ascorbique, de la farine de f\u00e8ve, du gluten et de l&rsquo;amylase.<\/p>\n<p>&nbsp;<\/p>\n<p>Ensuite, il faut faire lever la p\u00e2te. La poudre levante est trait\u00e9e au silicate de calcium et l&rsquo;amidon est blanchi au permanganate de potassium. Pas de p\u00e2te sans corps gras. Ceux-ci re\u00e7oivent un antioxydant (pour \u00e9viter le rancissement) comme l&rsquo;hydroxytolu\u00e8ne de butyl et un \u00e9mulsifiant type l\u00e9cithine.<\/p>\n<p>&nbsp;<\/p>\n<p>&nbsp;<\/p>\n<p><strong><u>Histoire de la Cr\u00e8me<\/u><\/strong><\/p>\n<p>La cr\u00e8me sur laquelle vont reposer les cerises se fait avec des oeufs, du lait, et m\u00eame de l&rsquo;huile.<\/p>\n<p>* Les oeufs proviennent d&rsquo;un \u00e9levage industriel o\u00f9 les poules sont nourries avec des granul\u00e9s contenant des :<\/p>\n<p>&#8211; antioxydants (E300 \u00e0 E311),<\/p>\n<p>&#8211; ar\u00f4mes,<\/p>\n<p>&#8211; \u00e9mulsifiants : alginate de calcium,<\/p>\n<p>&#8211; conservateurs : acide formique,<\/p>\n<p>&#8211; colorants : capsa th\u00e9ine,<\/p>\n<p>&#8211; agents liants: lignosulfate<\/p>\n<p>&#8211; et enfin des app\u00e9tant : glutamate de sodium, pour qu&rsquo;elles puissent avaler tout \u00e7a.<\/p>\n<p>&nbsp;<\/p>\n<p>Elles re\u00e7oivent aussi des antibiotiques, bien entendu, et surtout des anticoccidiens.<\/p>\n<p>Les oeufs, avant s\u00e9chage, re\u00e7oivent des \u00e9mulsifiants, des agents actifs de surface comme l&rsquo;acide cholique et une enzyme pour retirer le sucre du blanc.<\/p>\n<p>&nbsp;<\/p>\n<p>* Le lait provient d&rsquo;un \u00e9levage industriel o\u00f9 les vaches re\u00e7oivent une alimentation riche en produits chimiques :<\/p>\n<p>&#8211; antibiotiques : flavophospholipol (F712) ou monensin-sodium (F714)<\/p>\n<p>&#8211; antioxydants : ascorbate de sodium (F301), alpha tocoph\u00e9rol de synth\u00e8se (F307), buthyl-hydrox-tolu\u00e8ne (F321) ou \u00e9thoxyquine (E324),<\/p>\n<p>&#8211; \u00e9mulsifiants : alginate de propyl\u00e8ne-glycol (F405) ou poly\u00e9thyl\u00e8ne glycol (F496),<\/p>\n<p>&#8211; conservateurs : acide ac\u00e9tique, acide tartrique (E334), acide prop\u00e9no\u00efque (F280) et ses d\u00e9riv\u00e9s (F281 \u00e0 E284),<\/p>\n<p>&#8211; compos\u00e9s azot\u00e9s chimiques : ur\u00e9e (F801) ou diur\u00e9do-isobutane (F803),<\/p>\n<p>&#8211; agents liants : st\u00e9arate de sodium,<\/p>\n<p>&#8211; colorants : F131 ou F142<\/p>\n<p>&#8211; et enfin des app\u00e9tant pour que les vaches puissent manger tout \u00e7a, comme le glutamate de sodium.<\/p>\n<p>&nbsp;<\/p>\n<p>* Les huiles, quant \u00e0 elles, ont \u00e9t\u00e9 :<\/p>\n<p>&#8211; extraites par des solvants comme l&rsquo;ac\u00e9tone,<\/p>\n<p>&#8211; puis raffin\u00e9es par action de l&rsquo;acide sulfurique,<\/p>\n<p>&#8211; puis lavage \u00e0 chaud,<\/p>\n<p>&#8211; neutralis\u00e9es \u00e0 la lessive de soude,<\/p>\n<p>&#8211; d\u00e9color\u00e9es au bioxyde de chlore ou au bichromate de potassium<\/p>\n<p>&#8211; et d\u00e9sodoris\u00e9es \u00e0 160\u00b0C avec du chlorure de zinc.<\/p>\n<p>&#8211; Enfin, elles ont \u00e9t\u00e9 recolor\u00e9es \u00e0 la curcumine.<\/p>\n<p>La cr\u00e8me de la tarte, une fois fabriqu\u00e9e, re\u00e7oit des ar\u00f4mes et des stabilisants comme l&rsquo;acide alginique (E400).<\/p>\n<p>&nbsp;<\/p>\n<p><strong><u>Histoire des Cerises<\/u><\/strong> (compl\u00e9t\u00e9 d&rsquo;apr\u00e8s des \u00e9l\u00e9ments de \u00ab\u00a0Aromath\u00e9rapie\u00a0\u00bb Jean Valnet 1990, Maloine)<\/p>\n<p>&nbsp;<\/p>\n<p>Les cerisiers ont re\u00e7u pendant la saison entre 10 et 40 traitements de pesticides selon les ann\u00e9es.<\/p>\n<p>* Les cerises sont :<\/p>\n<p>&#8211; d\u00e9color\u00e9es \u00e0 l&rsquo;anhydride sulfureux<\/p>\n<p>&#8211; et recolor\u00e9es de fa\u00e7on uniforme \u00e0 l&rsquo;acide carminique ou \u00e0 l&rsquo;\u00e9rythrosine.<\/p>\n<p>&#8211; Elles sont plong\u00e9es dans une saumure contenant du sulfate d&rsquo;aluminium<\/p>\n<p>&#8211; et \u00e0 la sortie, re\u00e7oivent un conservateur comme le sorbate de potassium (E202).<\/p>\n<p>Elles sont enfin enduites d&rsquo;un sucre qui provient de betteraves qui, comme les bl\u00e9s, ont re\u00e7u leur bonne dose d&rsquo;engrais et de pesticides. Ce sucre est extrait par :<\/p>\n<p>&#8211; d\u00e9f\u00e9cation \u00e0 la chaux et \u00e0 l&rsquo;anhydride sulfureux,<\/p>\n<p>&#8211; puis d\u00e9color\u00e9 au sulfoxylate de sodium,<\/p>\n<p>&#8211; puis raffin\u00e9 au norite et \u00e0 l&rsquo;alcool isopropylique.<\/p>\n<p>&#8211; Il est enfin azur\u00e9 au bleu anthraquinonique.<\/p>\n<p>Par ces traitements, les cerises ayant donc perdu tout leur go\u00fbt, il est n\u00e9cessaire d&rsquo;ajouter un parfum artificiel alimentaire. Ce parfum est une recr\u00e9ation synth\u00e9tique du go\u00fbt et de l&rsquo;odeur \u00e0 partir d&rsquo;\u00e9l\u00e9ments artificiels issus de la chimie du p\u00e9trole aux prix de revient extr\u00eamement faibles &#8211; par \u00e9conomie d&rsquo;\u00e9chelle &#8211; en comparaison du parfum naturel de fruit. L&rsquo;exemple d\u00e9velopp\u00e9 est ici la cerise, mais de tels compos\u00e9s servent \u00e0 recr\u00e9er aussi bien des parfums artificiels de fraise, d&rsquo;ananas, de framboise, de miel, de caramel, de muguet. etc.<\/p>\n<p>&nbsp;<\/p>\n<p>* Le parfum artificiel de cerise se compose donc des mol\u00e9cules synth\u00e9tiques (donc \u00e0 la st\u00e9r\u00e9ochimie invers\u00e9e) suivantes :<\/p>\n<p>&#8211; ac\u00e9tate d&rsquo;\u00e9thyle<\/p>\n<p>&#8211; ac\u00e9thyl m\u00e9thylcarbinol<\/p>\n<p>&#8211; butyrate d&rsquo;isoamyle<\/p>\n<p>&#8211; caproate d&rsquo;ethyle<\/p>\n<p>&#8211; caprylate d&rsquo;isoamyle<\/p>\n<p>&#8211; caprate d&rsquo;ethyle<\/p>\n<p>&#8211; butyrate de terpenyle<\/p>\n<p>&#8211; geraniol<\/p>\n<p>&#8211; butyrate de geranyl<br \/>\n&#8211; acetylacetate d&rsquo;ethyle<\/p>\n<p>&#8211; heptanoate d&rsquo;ethyle<\/p>\n<p>&#8211; ald\u00e9hyde benzoique<\/p>\n<p>&#8211; ald\u00e9hyde p-toluique<\/p>\n<p>&#8211; vanilline<\/p>\n<p>&#8211; essence artificielle d&rsquo;amande am\u00e8re SAP<\/p>\n<p>&#8211; essence artificielle de girofle Bourbon<\/p>\n<p>&#8211; essence artificielle de cannelle Ceylan<\/p>\n<p>&#8211; essence de lie de vin \u2026<\/p>\n<p>&nbsp;<\/p>\n<p><strong>Bon app\u00e9tit<\/strong><\/p>\n","protected":false},"excerpt":{"rendered":"<p>La longue histoire chimique d&rsquo;une tarte de supermarch\u00e9, par le Pr Claude Bourguignon. &nbsp; Histoire de la P\u00e2te Pour obtenir la farine, les grains de bl\u00e9 ont \u00e9t\u00e9 enrob\u00e9s d&rsquo;un &hellip; <a href=\"https:\/\/azalee-therapie.ch\/dietetique\/gateau-aux-cerises\/\" class=\"more-link\">Continuer la lecture de <span class=\"screen-reader-text\">G\u00e2teau aux cerises<\/span><\/a><\/p>\n","protected":false},"author":2,"featured_media":0,"parent":0,"menu_order":0,"comment_status":"closed","ping_status":"closed","template":"","meta":{"footnotes":""},"class_list":["post-38","page","type-page","status-publish","hentry"],"_links":{"self":[{"href":"https:\/\/azalee-therapie.ch\/dietetique\/wp-json\/wp\/v2\/pages\/38","targetHints":{"allow":["GET"]}}],"collection":[{"href":"https:\/\/azalee-therapie.ch\/dietetique\/wp-json\/wp\/v2\/pages"}],"about":[{"href":"https:\/\/azalee-therapie.ch\/dietetique\/wp-json\/wp\/v2\/types\/page"}],"author":[{"embeddable":true,"href":"https:\/\/azalee-therapie.ch\/dietetique\/wp-json\/wp\/v2\/users\/2"}],"replies":[{"embeddable":true,"href":"https:\/\/azalee-therapie.ch\/dietetique\/wp-json\/wp\/v2\/comments?post=38"}],"version-history":[{"count":1,"href":"https:\/\/azalee-therapie.ch\/dietetique\/wp-json\/wp\/v2\/pages\/38\/revisions"}],"predecessor-version":[{"id":39,"href":"https:\/\/azalee-therapie.ch\/dietetique\/wp-json\/wp\/v2\/pages\/38\/revisions\/39"}],"wp:attachment":[{"href":"https:\/\/azalee-therapie.ch\/dietetique\/wp-json\/wp\/v2\/media?parent=38"}],"curies":[{"name":"wp","href":"https:\/\/api.w.org\/{rel}","templated":true}]}}