{"id":3805,"date":"2024-04-12T18:52:54","date_gmt":"2024-04-12T18:52:54","guid":{"rendered":"https:\/\/fleur-azalee.ch\/pommebasilic\/?page_id=3805"},"modified":"2024-04-12T18:52:54","modified_gmt":"2024-04-12T18:52:54","slug":"les-legumineuses-2","status":"publish","type":"page","link":"https:\/\/azalee-therapie.ch\/dietetique\/les-legumineuses-2\/","title":{"rendered":"Les l\u00e9gumineuses"},"content":{"rendered":"<div class=\"entry-content\">\n<p><span style=\"font-size: 16px; font-family: helvetica, arial, sans-serif;\"><strong>\u00a0<\/strong><\/span><\/p>\n<p><span style=\"font-size: 16px; font-family: helvetica, arial, sans-serif;\"><strong>Les l\u00e9gumineuses<\/strong> d&rsquo;Organisation des Nations Unies pour l\u2019alimentation et l\u2019agriculture (FAO) reconna\u00eet onze cat\u00e9gories de l\u00e9gumes secs:\u00a0\u00a0\u00a0\u00a0 <\/span><br \/>\n<span style=\"font-size: 16px; font-family: helvetica, arial, sans-serif;\">Les l\u00e9gumineuses sont des plantes dont les fruits sont contenus dans des gousses. Elles peuvent \u00eatre consid\u00e9r\u00e9es comme des <strong>f\u00e9culents<\/strong>, car elles sont riches en amidon, le glucide des v\u00e9g\u00e9taux. Un f\u00e9culent est un fruit ou un l\u00e9gume riche en amidon.<\/span><\/p>\n<p><span style=\"font-size: 16px; font-family: helvetica, arial, sans-serif;\"><img loading=\"lazy\" decoding=\"async\" class=\"aligncenter wp-image-2606\" src=\"https:\/\/azalee-reflexo.ch\/pommebasilic\/wp-content\/uploads\/2018\/04\/legumes-secs.jpg\" alt=\"\" width=\"472\" height=\"621\" srcset=\"https:\/\/azalee-therapie.ch\/dietetique\/wp-content\/uploads\/2018\/04\/legumes-secs.jpg 600w, https:\/\/azalee-therapie.ch\/dietetique\/wp-content\/uploads\/2018\/04\/legumes-secs-228x300.jpg 228w\" sizes=\"auto, (max-width: 472px) 100vw, 472px\" \/><\/span><\/p>\n<p>\n<span style=\"font-size: 16px; font-family: helvetica, arial, sans-serif;\">Les l\u00e9gumineuses les plus courantes sont les lentilles vertes du Puy AOC. Elles sont assez digestes compar\u00e9es \u00e0 d\u2019autres l\u00e9gumineuses et sont riches en fer. En Inde, elles font partie, avec le riz, de l\u2019alimentation de base.<\/span><\/p>\n<p><span style=\"font-size: 16px; font-family: helvetica, arial, sans-serif;\"><span style=\"color: #993300;\">Les pois <\/span>(cass\u00e9s ou petits) sont tr\u00e8s r\u00e9pandus dans les zones temp\u00e9r\u00e9es. Les pois cass\u00e9s sont des petits pois frais qui ont \u00e9t\u00e9 s\u00e9ch\u00e9s. Ils sont appr\u00e9ci\u00e9s frais ou en pur\u00e9e et soupe. Ils contiennent 22\u2009% de prot\u00e9ines.<\/span><\/p>\n<p><span style=\"font-size: 16px; font-family: helvetica, arial, sans-serif;\"><u>Les f\u00e8ves<\/u> sont cultiv\u00e9es en r\u00e9gion m\u00e9diterran\u00e9enne et dans le sud-ouest de l\u2019Asie. Elles sont plus caloriques s\u00e8ches que fra\u00eeches, elles contiennent des prot\u00e9ines, des fibres, des vitamines (B et C), du fer, du potassium et du magn\u00e9sium. Elles peuvent \u00eatre consomm\u00e9es en salade.<\/span><\/p>\n<p><span style=\"font-size: 16px; font-family: helvetica, arial, sans-serif;\"><span style=\"color: #993300;\"><u>Les haricots sont<\/u><\/span> tr\u00e8s r\u00e9pandus en France avec de nombreuses vari\u00e9t\u00e9s r\u00e9pertori\u00e9es : haricot de Soissons, mogette de Vend\u00e9e, coco, haricot rose, noir ou rouge\u2026 Ils contiennent entre 16 et 25\u2009% de prot\u00e9ines et sont riches en fer, mangan\u00e8se, cuivre et folate (vitamine B9).<\/span><\/p>\n<p><span style=\"font-size: 16px; font-family: helvetica, arial, sans-serif;\"><span style=\"color: #993300;\"><u>Les pois chiches<\/u><\/span> sont originaires du bassin m\u00e9diterran\u00e9en o\u00f9 il est largement consomm\u00e9 sous de nombreuses formes : pur\u00e9e, houmous, salades, couscous. Ils sont riches en glucides facilement assimilables, en prot\u00e9ines, en mangan\u00e8se, cuivre et folate.<\/span><\/p>\n<p><span style=\"font-size: 16px; font-family: helvetica, arial, sans-serif;\">Les haricots mungo (germ\u00e9s, ils donnent les pousses de \u00ab soja \u00bb), le lupin, le soja dont on fait de nombreuses pr\u00e9parations.<\/span><\/p>\n<p><span style=\"font-size: 16px; font-family: helvetica, arial, sans-serif;\"><span style=\"color: #993300;\">Le lupin<\/span><br \/>\n<\/span><span style=\"font-size: 16px; font-family: helvetica, arial, sans-serif;\">La farine de lupin est particuli\u00e8rement int\u00e9ressante pour sa forte teneur en prot\u00e9ines v\u00e9g\u00e9tales, ce qui en fait un aliment particuli\u00e8rement adapt\u00e9 pour les sportifs. Naturellement sans gluten, elle a \u00e9galement des qualit\u00e9s \u00e9mulsifiantes ce qui permet de l\u2019utiliser en remplacement des \u0153ufs. La farine de lupin facilite le transit intestinal gr\u00e2ce \u00e0 sa teneur importante en fibres.<img loading=\"lazy\" decoding=\"async\" class=\"aligncenter size-full wp-image-2604\" src=\"https:\/\/azalee-reflexo.ch\/pommebasilic\/wp-content\/uploads\/2018\/04\/l\u00e9gumineuses.jpg\" alt=\"\" width=\"300\" height=\"168\" \/><\/span><\/p>\n<p><span style=\"font-size: 16px; font-family: helvetica, arial, sans-serif;\">L\u2019int\u00e9r\u00eat des l\u00e9gumineuses r\u00e9side dans la pr\u00e9sence en grandes quantit\u00e9s de prot\u00e9ines v\u00e9g\u00e9tales, des fibres, de min\u00e9raux et vitamines et dans la pauvret\u00e9 en lipides. \u00c9tant donn\u00e9 que les prot\u00e9ines v\u00e9g\u00e9tales (\u00e0 l\u2019exception du soja) sont souvent carenc\u00e9es en acides amin\u00e9s, il est important d\u2019associer, au cours de la journ\u00e9e, des c\u00e9r\u00e9ales et des l\u00e9gumineuses afin que tous les acides amin\u00e9s essentiels soient r\u00e9unis. En effet, il suffit qu\u2019un seul acide amin\u00e9 fasse d\u00e9faut pour que l\u2019utilisation de la prot\u00e9ine soit compromise.<\/span><\/p>\n<p><span style=\"font-size: 16px; font-family: helvetica, arial, sans-serif;\">Les l\u00e9gumineuses (l\u00e9gumes secs) comme les f\u00e8ves, les pois et les lentilles, sont riches en lysine, un acide amin\u00e9 absent dans les c\u00e9r\u00e9ales qui apportent, quant \u00e0 elles, la m\u00e9thionine. Ainsi, en associant les deux, on dispose de tous les acides amin\u00e9s indispensables.<\/span><\/p>\n<p><span style=\"font-size: 16px; font-family: helvetica, arial, sans-serif;\">Voici quelques exemples de combinaisons judicieuses :<\/span><\/p>\n<p><span style=\"font-size: 16px; font-family: helvetica, arial, sans-serif;\"><strong>L\u00e9gumineuses + produits c\u00e9r\u00e9aliers<br \/>\nL\u00e9gumineuses + noix ou graines<br \/>\nexemple: <\/strong>haricots rouges et ma\u00efs, ou riz et lentilles, ou bl\u00e9 et pois chiches, ou f\u00e8ves et bl\u00e9, ou haricot et sarrasin, pois cass\u00e9 et orge, etc.<\/span><\/p>\n<p><span style=\"font-size: 16px; font-family: helvetica, arial, sans-serif;\">L\u2019absorption du fer contenu dans les l\u00e9gumineuses est facilit\u00e9e si on consomme un aliment riche en vitamine C (brocoli, persil, tomate, poivron) et si on \u00e9vite les aliments qui capturent de fer, appel\u00e9s ch\u00e9lateurs de fer (th\u00e9) au m\u00eame repas.<\/span><\/p>\n<p><span style=\"font-size: 16px; font-family: helvetica, arial, sans-serif;\">Enfin, il a \u00e9t\u00e9 montr\u00e9 que les fibres contenues dans les l\u00e9gumineuses ont un impact sur le cancer colorectal en r\u00e9duisant son risque d\u2019apparition de 38 %.<\/span><\/p>\n<p><span style=\"font-size: 16px; font-family: helvetica, arial, sans-serif;\">Pr\u00e9paration : tremper minimum 12 h les l\u00e9gumineuses dans l\u2019eau froide, les lentilles de petites tailles, 1 h suffit, elles se r\u00e9hydratent, gonflent, cela facilitent la cuisson et \u00e9vitent certains ballonnements, surtout au d\u00e9but. Si l&rsquo;on rencontre encore des ballonnements, on commencera la cuisson avec une eau, on la jette, on rince \u00e0 l&rsquo;eau les l\u00e9gumineuses, puis on continue la cuisson avec une nouvelle eau. On les sale qu&rsquo;\u00e0 la tout fin, car elles durcissent et le temps de cuisson sera plus long. <br \/>\n<\/span><\/p>\n<\/div>\n<p>&nbsp;<\/p>\n<p>&nbsp;<\/p>\n<p>&nbsp;<\/p>\n<p>&nbsp;<\/p>\n<div class=\"entry-content\">\n<p><span style=\"font-size: 16px; font-family: helvetica, arial, sans-serif;\"><img loading=\"lazy\" decoding=\"async\" class=\"aligncenter size-full wp-image-2605\" src=\"https:\/\/azalee-reflexo.ch\/pommebasilic\/wp-content\/uploads\/2018\/04\/grains-secs.jpg\" alt=\"\" width=\"586\" height=\"953\" srcset=\"https:\/\/azalee-therapie.ch\/dietetique\/wp-content\/uploads\/2018\/04\/grains-secs.jpg 586w, https:\/\/azalee-therapie.ch\/dietetique\/wp-content\/uploads\/2018\/04\/grains-secs-184x300.jpg 184w\" sizes=\"auto, (max-width: 586px) 100vw, 586px\" \/><\/span><\/p>\n<ol>\n<li><strong>Haricots secs<\/strong>(<em>Phaseolus spp.<\/em> y compris plusieurs esp\u00e8ces de <em>Vigna<\/em>)\n<ul>\n<li>Haricot commun (<em>Phaseolus vulgaris<\/em>)<\/li>\n<li>Haricot de Lima (<em>Phaseolus lunatus<\/em>)<\/li>\n<li>Haricot azuki (<em>Vigna angularis<\/em>)<\/li>\n<li>Haricot mungo ou soja vert (<em>Vigna radiata<\/em>)<\/li>\n<li>Haricot urd ou soja noir (<em>Vigna mungo<\/em>)<\/li>\n<li>Haricot d\u2019Espagne (<em>Phaseolus coccineus<\/em>)<\/li>\n<li>Haricot riz (<em>Vigna umbellata<\/em>)<\/li>\n<li>Haricot papillon (<em>Vigna aconitifolia<\/em>)<\/li>\n<li>Haricot t\u00e9pari (<em>Phaseolus acutifolius<\/em>)<\/li>\n<\/ul>\n<\/li>\n<li><strong>F\u00e8ves s\u00e8ches<\/strong>(<em>Vicia faba<\/em>)\n<ul>\n<li>F\u00e8ve cultiv\u00e9e (<em>Vicia faba<\/em>)<\/li>\n<li>F\u00e8ve \u00e0 cheval (<em>Vicia faba<\/em>)<\/li>\n<li>F\u00e8verole (<em>Vicia faba<\/em>)<\/li>\n<\/ul>\n<\/li>\n<li><strong>Lupins<\/strong> (<em>Lupinus spp.<\/em>)\n<ul>\n<li>Lupin blanc (<em>Lupinus albus<\/em>), cultiv\u00e9 en France\u00a0;<\/li>\n<li>Lupin bleu ou lupin \u00e0 feuille \u00e9troite (<em>Lupinus angustifolius<\/em>), cultiv\u00e9 en Australie\u00a0;<\/li>\n<li>Lupin jaune (<em>Lupinus luteus<\/em>), cultiv\u00e9 en Europe centrale\u00a0;<\/li>\n<li>Lupin changeant (<em>Lupinus mutabilis<\/em>), cultiv\u00e9 en Am\u00e9rique du Sud, dans les Andes.<\/li>\n<\/ul>\n<\/li>\n<li><strong>Pois secs ou pois cass\u00e9 <\/strong>(<em>Pisum spp.<\/em>)\n<ul>\n<li>Pois cultiv\u00e9 (<em>Pisum sativum var. sativum<\/em>)<\/li>\n<li>Pois prot\u00e9agineux, les pois fourragers (<em>Pisum sativun var. arvense<\/em>)<\/li>\n<\/ul>\n<\/li>\n<li><strong>Pois chiche<\/strong> (<em>Cicer arietinum<\/em>)<\/li>\n<li><strong>Mongette, dolique mongette, ni\u00e9b\u00e9 ou haricot \u00e0 l\u2019\u0153il noir<\/strong>(<em>Vigna unguiculata<\/em>)<\/li>\n<li><strong>Pois d\u2019Angole ou ambrevade<\/strong> (<em>Cajanus cajan<\/em>)<\/li>\n<li><strong>Lentille cultiv\u00e9e<\/strong> (<em>Lens culinaris<\/em>)<\/li>\n<li><strong>Pois bambara ou pois de terre<\/strong> (<em>Vigna subterranea<\/em>)<\/li>\n<li><strong>Vesce commune <\/strong>(<em>Vicia sativa<\/em>)<\/li>\n<li><strong>L\u00e9gumineuses secondaires<\/strong>\u00a0:\n<ul>\n<li>Lablab, pois antaque ou dolique d\u2019\u00c9gypte (<em>Lablab purpureus<\/em>)<\/li>\n<li>Pois sabre blanc (<em>Canavalia ensiformis<\/em>), pois sabre rouge (<em>Canavalia gladiata<\/em>)<\/li>\n<li>Haricot ail\u00e9 ou pois ail\u00e9 (<em>Psophocarpus tetragonolobus<\/em>)<\/li>\n<li>Pois mascate, cowitch (<em>Mucuna pruriens var. utilis<\/em>)<\/li>\n<li>Jicama (<em>Pachyrrizus erosus<\/em>)<\/li>\n<\/ul>\n<\/li>\n<\/ol>\n<p><span style=\"font-size: 16px; font-family: helvetica, arial, sans-serif;\">sources \u00e9cole de di\u00e9t\u00e9tique<\/span><\/p>\n<p><span style=\"font-size: 16px; font-family: helvetica, arial, sans-serif;\">Fabrique de c\u00e9r\u00e9ales des\u00a0Moulin des Moines<\/span><\/p>\n<p><span style=\"font-size: 16px; font-family: helvetica, arial, sans-serif;\">Alimentation bio suisses\u00a0<\/span><\/p>\n<\/div>\n","protected":false},"excerpt":{"rendered":"<p>\u00a0 Les l\u00e9gumineuses d&rsquo;Organisation des Nations Unies pour l\u2019alimentation et l\u2019agriculture (FAO) reconna\u00eet onze cat\u00e9gories de l\u00e9gumes secs:\u00a0\u00a0\u00a0\u00a0 Les l\u00e9gumineuses sont des plantes dont les fruits sont contenus dans des &hellip; <a href=\"https:\/\/azalee-therapie.ch\/dietetique\/les-legumineuses-2\/\" class=\"more-link\">Continuer la lecture de <span class=\"screen-reader-text\">Les l\u00e9gumineuses<\/span><\/a><\/p>\n","protected":false},"author":2,"featured_media":0,"parent":0,"menu_order":0,"comment_status":"closed","ping_status":"closed","template":"","meta":{"footnotes":""},"class_list":["post-3805","page","type-page","status-publish","hentry"],"_links":{"self":[{"href":"https:\/\/azalee-therapie.ch\/dietetique\/wp-json\/wp\/v2\/pages\/3805","targetHints":{"allow":["GET"]}}],"collection":[{"href":"https:\/\/azalee-therapie.ch\/dietetique\/wp-json\/wp\/v2\/pages"}],"about":[{"href":"https:\/\/azalee-therapie.ch\/dietetique\/wp-json\/wp\/v2\/types\/page"}],"author":[{"embeddable":true,"href":"https:\/\/azalee-therapie.ch\/dietetique\/wp-json\/wp\/v2\/users\/2"}],"replies":[{"embeddable":true,"href":"https:\/\/azalee-therapie.ch\/dietetique\/wp-json\/wp\/v2\/comments?post=3805"}],"version-history":[{"count":1,"href":"https:\/\/azalee-therapie.ch\/dietetique\/wp-json\/wp\/v2\/pages\/3805\/revisions"}],"predecessor-version":[{"id":3808,"href":"https:\/\/azalee-therapie.ch\/dietetique\/wp-json\/wp\/v2\/pages\/3805\/revisions\/3808"}],"wp:attachment":[{"href":"https:\/\/azalee-therapie.ch\/dietetique\/wp-json\/wp\/v2\/media?parent=3805"}],"curies":[{"name":"wp","href":"https:\/\/api.w.org\/{rel}","templated":true}]}}