{"id":4330,"date":"2024-10-06T13:08:04","date_gmt":"2024-10-06T13:08:04","guid":{"rendered":"https:\/\/azalee-therapie.ch\/dietetique\/?page_id=4330"},"modified":"2024-10-06T13:12:56","modified_gmt":"2024-10-06T13:12:56","slug":"spatzli-sans-gluten-2","status":"publish","type":"page","link":"https:\/\/azalee-therapie.ch\/dietetique\/spatzli-sans-gluten-2\/","title":{"rendered":"Sp\u00e4tzli sans gluten"},"content":{"rendered":"<p><span style=\"text-decoration: underline;\"><span style=\"color: #800080; text-decoration: underline;\">Sp\u00e4tzli.\u00a0 \u00a0sans gluten, sans lactose<\/span><\/span><\/p>\n<p>120 gr farines pois chiches<\/p>\n<p>30 gr farine de riz<\/p>\n<p>3 \u0153ufs battus\u00a0<\/p>\n<p>1 cc sel<\/p>\n<p>Poivre, Muscade, \u00e9pices Africaine\u00a0<\/p>\n<p>120 gr s\u00e9r\u00e9 maigre sans lactose<\/p>\n<p>Battre \u00e0 la spatule en bois\u00a0 jusqu&rsquo;\u00e0 l\u2019obtention de bulles dans la p\u00e2te.\u00a0<\/p>\n<p>Quantit\u00e9\u00a0 pour 1 kg de spatzlis.<\/p>\n<p>Laisser reposer 1h.<\/p>\n<p>Pr\u00e9parez une casserole d\u2019eau fr\u00e9missante,\u00a0 un bac d\u2019eau glac\u00e9 pour refroidir,\u00a0 quelques minutes, les spatzlis \u00e0 la sortie de cuisson, une plaque avec 2 cs huile de colza pour m\u00e9langer le spatzli pour \u00e9viter qu\u2019ils se collent.\u00a0<\/p>\n<p>A l\u2019aide un appareil passoire \u00e0 knopfli,\u00a0 faites passer une louche de masse au travers directement sur l\u2019eau fr\u00e9missante.\u00a0 Remuer doucement,\u00a0 cuisez 3 min, puis \u00e0 l\u2019aide d\u2019un \u00e9cumoire sortez les, d\u00e9poser dans la passoire d\u2019eau glac\u00e9.\u00a0 \u00c9goutt\u00e9e et d\u00e9poser dans la plaque, m\u00e9langer d\u00e9licatement avec les mains. Recommencer,\u00a0 jusqu&rsquo;\u00e0 la fin de l\u2019utilisation de la p\u00e2te.\u00a0<\/p>\n<p>Puis \u00e9tendez le sur un linge et une plaque que vous pouvez laisser quelques heures au frigo.\u00a0<\/p>\n<p>Passez les \u00e0 la po\u00eale, sans ajouter de graisse. Ou au four \u00e0 180\u00b0 30 min\u00a0<\/p>\n<p>Vous pouvez aussi disposer un paquet au cong\u00e9lateur. Que vous mettrez directement \u00e0 la po\u00eale,\u00a0 sans d\u00e9geler.\u00a0<\/p>\n<p>Quantit\u00e9, portion de l\u2019assiette 250 gr avant de passer au four.<\/p>\n<p style=\"text-align: center;\"><img loading=\"lazy\" decoding=\"async\" class=\"alignnone size-medium wp-image-4331\" src=\"https:\/\/azalee-therapie.ch\/dietetique\/wp-content\/uploads\/2024\/10\/20241005_202936-298x300.jpg\" alt=\"\" width=\"298\" height=\"300\" srcset=\"https:\/\/azalee-therapie.ch\/dietetique\/wp-content\/uploads\/2024\/10\/20241005_202936-298x300.jpg 298w, https:\/\/azalee-therapie.ch\/dietetique\/wp-content\/uploads\/2024\/10\/20241005_202936-1017x1024.jpg 1017w, https:\/\/azalee-therapie.ch\/dietetique\/wp-content\/uploads\/2024\/10\/20241005_202936-150x150.jpg 150w, https:\/\/azalee-therapie.ch\/dietetique\/wp-content\/uploads\/2024\/10\/20241005_202936-768x773.jpg 768w, https:\/\/azalee-therapie.ch\/dietetique\/wp-content\/uploads\/2024\/10\/20241005_202936-1525x1536.jpg 1525w, https:\/\/azalee-therapie.ch\/dietetique\/wp-content\/uploads\/2024\/10\/20241005_202936-2034x2048.jpg 2034w\" sizes=\"auto, (max-width: 298px) 100vw, 298px\" \/>\u00a0<\/p>\n<p>&nbsp;<\/p>\n<p>&nbsp;<\/p>\n<p>Accompagn\u00e9<\/p>\n<p>Salade jeunes feuilles d\u2019\u00e9pinard\u00a0<\/p>\n<p>Oignon \u00e0 bouillon, tomate, poivron rouge pointu, sauce salade verte, tomme sans lactose\u00a0<\/p>\n<p>La masse cru donne un go\u00fbt de pois cru \u00e9coss\u00e9,\u00a0 la masse cuite, c\u2019est le go\u00fbt des v\u00e9ritables spatzlis .<\/p>\n<p>&nbsp;<\/p>\n<div id='gallery-1' class='gallery galleryid-4330 gallery-columns-3 gallery-size-thumbnail'><figure class='gallery-item'>\n\t\t\t<div class='gallery-icon portrait'>\n\t\t\t\t<a href='https:\/\/azalee-therapie.ch\/dietetique\/spatzli-sans-gluten-2\/attachment\/1728220171251\/'><img loading=\"lazy\" decoding=\"async\" width=\"150\" height=\"150\" src=\"https:\/\/azalee-therapie.ch\/dietetique\/wp-content\/uploads\/2024\/10\/1728220171251-150x150.jpg\" class=\"attachment-thumbnail size-thumbnail\" alt=\"\" \/><\/a>\n\t\t\t<\/div><\/figure><figure class='gallery-item'>\n\t\t\t<div class='gallery-icon portrait'>\n\t\t\t\t<a href='https:\/\/azalee-therapie.ch\/dietetique\/spatzli-sans-gluten-2\/attachment\/1728220164492\/'><img loading=\"lazy\" decoding=\"async\" width=\"150\" height=\"150\" src=\"https:\/\/azalee-therapie.ch\/dietetique\/wp-content\/uploads\/2024\/10\/1728220164492-150x150.jpg\" class=\"attachment-thumbnail size-thumbnail\" alt=\"\" \/><\/a>\n\t\t\t<\/div><\/figure><figure class='gallery-item'>\n\t\t\t<div class='gallery-icon portrait'>\n\t\t\t\t<a href='https:\/\/azalee-therapie.ch\/dietetique\/spatzli-sans-gluten-2\/attachment\/1728220166808\/'><img loading=\"lazy\" decoding=\"async\" width=\"150\" height=\"150\" src=\"https:\/\/azalee-therapie.ch\/dietetique\/wp-content\/uploads\/2024\/10\/1728220166808-150x150.jpg\" class=\"attachment-thumbnail size-thumbnail\" alt=\"\" \/><\/a>\n\t\t\t<\/div><\/figure><figure class='gallery-item'>\n\t\t\t<div class='gallery-icon portrait'>\n\t\t\t\t<a href='https:\/\/azalee-therapie.ch\/dietetique\/spatzli-sans-gluten-2\/attachment\/1728220168871\/'><img loading=\"lazy\" decoding=\"async\" width=\"150\" height=\"150\" src=\"https:\/\/azalee-therapie.ch\/dietetique\/wp-content\/uploads\/2024\/10\/1728220168871-150x150.jpg\" class=\"attachment-thumbnail size-thumbnail\" alt=\"\" \/><\/a>\n\t\t\t<\/div><\/figure><figure class='gallery-item'>\n\t\t\t<div class='gallery-icon portrait'>\n\t\t\t\t<a href='https:\/\/azalee-therapie.ch\/dietetique\/spatzli-sans-gluten-2\/attachment\/1728220160298\/'><img loading=\"lazy\" decoding=\"async\" width=\"150\" height=\"150\" src=\"https:\/\/azalee-therapie.ch\/dietetique\/wp-content\/uploads\/2024\/10\/1728220160298-150x150.jpg\" class=\"attachment-thumbnail size-thumbnail\" alt=\"\" \/><\/a>\n\t\t\t<\/div><\/figure>\n\t\t<\/div>\n\n","protected":false},"excerpt":{"rendered":"<p>Sp\u00e4tzli.\u00a0 \u00a0sans gluten, sans lactose 120 gr farines pois chiches 30 gr farine de riz 3 \u0153ufs battus\u00a0 1 cc sel Poivre, Muscade, \u00e9pices Africaine\u00a0 120 gr s\u00e9r\u00e9 maigre sans &hellip; <a href=\"https:\/\/azalee-therapie.ch\/dietetique\/spatzli-sans-gluten-2\/\" class=\"more-link\">Continuer la lecture de <span class=\"screen-reader-text\">Sp\u00e4tzli sans gluten<\/span><\/a><\/p>\n","protected":false},"author":5,"featured_media":0,"parent":0,"menu_order":0,"comment_status":"closed","ping_status":"closed","template":"","meta":{"footnotes":""},"class_list":["post-4330","page","type-page","status-publish","hentry"],"_links":{"self":[{"href":"https:\/\/azalee-therapie.ch\/dietetique\/wp-json\/wp\/v2\/pages\/4330","targetHints":{"allow":["GET"]}}],"collection":[{"href":"https:\/\/azalee-therapie.ch\/dietetique\/wp-json\/wp\/v2\/pages"}],"about":[{"href":"https:\/\/azalee-therapie.ch\/dietetique\/wp-json\/wp\/v2\/types\/page"}],"author":[{"embeddable":true,"href":"https:\/\/azalee-therapie.ch\/dietetique\/wp-json\/wp\/v2\/users\/5"}],"replies":[{"embeddable":true,"href":"https:\/\/azalee-therapie.ch\/dietetique\/wp-json\/wp\/v2\/comments?post=4330"}],"version-history":[{"count":4,"href":"https:\/\/azalee-therapie.ch\/dietetique\/wp-json\/wp\/v2\/pages\/4330\/revisions"}],"predecessor-version":[{"id":4342,"href":"https:\/\/azalee-therapie.ch\/dietetique\/wp-json\/wp\/v2\/pages\/4330\/revisions\/4342"}],"wp:attachment":[{"href":"https:\/\/azalee-therapie.ch\/dietetique\/wp-json\/wp\/v2\/media?parent=4330"}],"curies":[{"name":"wp","href":"https:\/\/api.w.org\/{rel}","templated":true}]}}