{"id":4364,"date":"2025-01-11T19:04:32","date_gmt":"2025-01-11T19:04:32","guid":{"rendered":"https:\/\/azalee-therapie.ch\/dietetique\/?page_id=4364"},"modified":"2025-01-13T14:08:23","modified_gmt":"2025-01-13T14:08:23","slug":"galette-pour-pizza","status":"publish","type":"page","link":"https:\/\/azalee-therapie.ch\/dietetique\/galette-pour-pizza\/","title":{"rendered":"Galette pour pizza"},"content":{"rendered":"<p style=\"text-align: left;\"><span style=\"font-family: georgia, palatino, serif; font-size: 14px;\"><span style=\"color: #008080;\">Galettes aux \u00e9pinards \u00a0\u00a0\u00a0\u00a0\u00a0\u00a0 <\/span><span style=\"color: #800080;\">Sans gluten\u00a0<br \/>\n<\/span><\/span><span style=\"font-family: georgia, palatino, serif; font-size: 14px;\">60 gr pois chiches, tremper, 12 h, cuisson environ 45 min, garder\u00a0 2 dl liquide, y cuire flocons env. 3min <\/span><br \/>\n<span style=\"font-family: georgia, palatino, serif; font-size: 14px;\">60 gr flocons de millet, refroidir, ajouter <\/span><br \/>\n<span style=\"font-family: georgia, palatino, serif; font-size: 14px;\">200 gr d\u2019\u00e9pinard d\u2019hiver,<\/span><br \/>\n<span style=\"font-family: georgia, palatino, serif; font-size: 14px;\">50 gr fromage blanc maigre sans lactose<\/span><br \/>\n<span style=\"font-family: georgia, palatino, serif; font-size: 14px;\">Mixer pois chiches avec millet,\u00a0<\/span><br \/>\n<span style=\"font-family: georgia, palatino, serif; font-size: 14px;\">Ajouter 2 \u0153ufs = 120 gr <\/span><br \/>\n<span style=\"font-family: georgia, palatino, serif; font-size: 14px;\">Selon si trop liquide ajouter 2 c.s farine riz compl\u00e8te\u00a0<\/span><br \/>\n<span style=\"font-family: georgia, palatino, serif; font-size: 14px;\">Assaisonnez sel, poivre, muscade, 1 c.s herbes fra\u00eeches ou Italienne s\u00e9ch\u00e9e <\/span><br \/>\n<span style=\"font-family: georgia, palatino, serif; font-size: 14px;\">Chauffer une po\u00eale sans graisse, d\u00e9poser une louche, \u00e9paisseur 2 cm, cuire, puis retourner.\u00a0<\/span><\/p>\n<p style=\"text-align: left;\"><span style=\"color: #000080; font-family: georgia, palatino, serif; font-size: 14px;\">Pizza Sans gluten, sans lactose\u00a0<\/span><\/p>\n<p style=\"text-align: left;\">Garnir cette galette refroidie, coulis de tomate, champignons, olives, c\u00e2pres, oignon \u00e9minc\u00e9, poireau \u00e9minc\u00e9, assaisonnez, fines herbes.<br \/>\nArros\u00e9 avec 1 c.s huiles de s\u00e9sames piment\u00e9e\u00a0<br \/>\nD\u00e9poser des tranches de mozzarella, sans lactose\u00a0<br \/>\nEnfournez \u00e0\u00a0 220 C\u00b0 jusqu&rsquo;au fromage fondu, <br \/>\naccompagn\u00e9 d\u2019une salade d\u2019hiver de betteraves\u00a0<\/p>\n<p style=\"text-align: left;\">Notes : cette galette peut se cong\u00e8le garnie ou pas.\u00a0<br \/>\nAu sortir du cong\u00e9lateur, la garnir gel\u00e9e et l\u2019enfourner\u00a0 20 min.\u00a0<\/p>\n<p><img loading=\"lazy\" decoding=\"async\" class=\"aligncenter size-medium wp-image-4369\" src=\"https:\/\/azalee-therapie.ch\/dietetique\/wp-content\/uploads\/2025\/01\/20241130_144216-300x224.jpg\" alt=\"\" width=\"300\" height=\"224\" srcset=\"https:\/\/azalee-therapie.ch\/dietetique\/wp-content\/uploads\/2025\/01\/20241130_144216-300x224.jpg 300w, https:\/\/azalee-therapie.ch\/dietetique\/wp-content\/uploads\/2025\/01\/20241130_144216-1024x766.jpg 1024w, https:\/\/azalee-therapie.ch\/dietetique\/wp-content\/uploads\/2025\/01\/20241130_144216-768x574.jpg 768w, https:\/\/azalee-therapie.ch\/dietetique\/wp-content\/uploads\/2025\/01\/20241130_144216-1536x1148.jpg 1536w, https:\/\/azalee-therapie.ch\/dietetique\/wp-content\/uploads\/2025\/01\/20241130_144216-2048x1531.jpg 2048w\" sizes=\"auto, (max-width: 300px) 100vw, 300px\" \/> <img loading=\"lazy\" decoding=\"async\" class=\"aligncenter size-medium wp-image-4370\" src=\"https:\/\/azalee-therapie.ch\/dietetique\/wp-content\/uploads\/2025\/01\/20241203_160927-300x297.jpg\" alt=\"\" width=\"300\" height=\"297\" srcset=\"https:\/\/azalee-therapie.ch\/dietetique\/wp-content\/uploads\/2025\/01\/20241203_160927-300x297.jpg 300w, https:\/\/azalee-therapie.ch\/dietetique\/wp-content\/uploads\/2025\/01\/20241203_160927-1024x1012.jpg 1024w, https:\/\/azalee-therapie.ch\/dietetique\/wp-content\/uploads\/2025\/01\/20241203_160927-150x150.jpg 150w, https:\/\/azalee-therapie.ch\/dietetique\/wp-content\/uploads\/2025\/01\/20241203_160927-768x759.jpg 768w, https:\/\/azalee-therapie.ch\/dietetique\/wp-content\/uploads\/2025\/01\/20241203_160927-1536x1518.jpg 1536w, https:\/\/azalee-therapie.ch\/dietetique\/wp-content\/uploads\/2025\/01\/20241203_160927.jpg 1922w\" sizes=\"auto, (max-width: 300px) 100vw, 300px\" \/><\/p>\n<p>&nbsp;<\/p>\n<p>Socle pour Pizza, recette <a href=\"pancakes\">pancakes sal\u00e9<\/a> <span style=\"color: #800080;\">sans gluten\u00a0<\/span><\/p>\n<p><img loading=\"lazy\" decoding=\"async\" class=\"aligncenter size-medium wp-image-4385\" src=\"https:\/\/azalee-therapie.ch\/dietetique\/wp-content\/uploads\/2025\/01\/20250112_155627-289x300.jpg\" alt=\"\" width=\"289\" height=\"300\" srcset=\"https:\/\/azalee-therapie.ch\/dietetique\/wp-content\/uploads\/2025\/01\/20250112_155627-289x300.jpg 289w, https:\/\/azalee-therapie.ch\/dietetique\/wp-content\/uploads\/2025\/01\/20250112_155627-987x1024.jpg 987w, https:\/\/azalee-therapie.ch\/dietetique\/wp-content\/uploads\/2025\/01\/20250112_155627-768x797.jpg 768w, https:\/\/azalee-therapie.ch\/dietetique\/wp-content\/uploads\/2025\/01\/20250112_155627-1481x1536.jpg 1481w, https:\/\/azalee-therapie.ch\/dietetique\/wp-content\/uploads\/2025\/01\/20250112_155627.jpg 1829w\" sizes=\"auto, (max-width: 289px) 100vw, 289px\" \/><\/p>\n<p>&nbsp;<\/p>\n<p>&nbsp;<\/p>\n","protected":false},"excerpt":{"rendered":"<p>Galettes aux \u00e9pinards \u00a0\u00a0\u00a0\u00a0\u00a0\u00a0 Sans gluten\u00a0 60 gr pois chiches, tremper, 12 h, cuisson environ 45 min, garder\u00a0 2 dl liquide, y cuire flocons env. 3min 60 gr flocons de &hellip; <a href=\"https:\/\/azalee-therapie.ch\/dietetique\/galette-pour-pizza\/\" class=\"more-link\">Continuer la lecture de <span class=\"screen-reader-text\">Galette pour pizza<\/span><\/a><\/p>\n","protected":false},"author":4,"featured_media":0,"parent":0,"menu_order":0,"comment_status":"closed","ping_status":"closed","template":"","meta":{"footnotes":""},"class_list":["post-4364","page","type-page","status-publish","hentry"],"_links":{"self":[{"href":"https:\/\/azalee-therapie.ch\/dietetique\/wp-json\/wp\/v2\/pages\/4364","targetHints":{"allow":["GET"]}}],"collection":[{"href":"https:\/\/azalee-therapie.ch\/dietetique\/wp-json\/wp\/v2\/pages"}],"about":[{"href":"https:\/\/azalee-therapie.ch\/dietetique\/wp-json\/wp\/v2\/types\/page"}],"author":[{"embeddable":true,"href":"https:\/\/azalee-therapie.ch\/dietetique\/wp-json\/wp\/v2\/users\/4"}],"replies":[{"embeddable":true,"href":"https:\/\/azalee-therapie.ch\/dietetique\/wp-json\/wp\/v2\/comments?post=4364"}],"version-history":[{"count":8,"href":"https:\/\/azalee-therapie.ch\/dietetique\/wp-json\/wp\/v2\/pages\/4364\/revisions"}],"predecessor-version":[{"id":4408,"href":"https:\/\/azalee-therapie.ch\/dietetique\/wp-json\/wp\/v2\/pages\/4364\/revisions\/4408"}],"wp:attachment":[{"href":"https:\/\/azalee-therapie.ch\/dietetique\/wp-json\/wp\/v2\/media?parent=4364"}],"curies":[{"name":"wp","href":"https:\/\/api.w.org\/{rel}","templated":true}]}}