{"id":5,"date":"2016-07-28T17:25:38","date_gmt":"2016-07-28T17:25:38","guid":{"rendered":"http:\/\/azalee-reflexo.ch\/?page_id=5"},"modified":"2016-10-05T11:08:48","modified_gmt":"2016-10-05T11:08:48","slug":"mineraux-pour-vegetaliens","status":"publish","type":"page","link":"https:\/\/azalee-therapie.ch\/dietetique\/mineraux-pour-vegetaliens\/","title":{"rendered":"Les Min\u00e9raux"},"content":{"rendered":"<div>\n<h1><span style=\"font-family: helvetica,arial,sans-serif; font-size: 16px; color: #800080;\">Les min\u00e9raux <br \/><\/span><\/h1>\n<p>En r\u00e9sum\u00e9, le monde v\u00e9g\u00e9tal est luxuriant en min\u00e9raux. Certains min\u00e9raux sont influenc\u00e9s par l&rsquo;adoption de bonnes pratiques alimentaires.<\/p>\n<p>On subdivise les min\u00e9raux en deux groupes principaux<\/p>\n<p>Les <span style=\"color: #800080;\"><b>min\u00e9raux majeurs<\/b><\/span> au nombre de 7 et qui sont n\u00e9cessaire en relativement grande quantit\u00e9:<\/p>\n<ul>\n<li>Calcium (os, dents, sang, muscles, nerfs)<\/li>\n<li>magn\u00e9sium (os, dents, sang, muscles, coeur, nerfs)<\/li>\n<li>potassium (cellules, nerfs, muscles, coeur)<\/li>\n<li>sodium (cellules, muscles)<\/li>\n<li>chlore (cellules, muscles)<\/li>\n<li>soufre (foie, digestion, peau, insuline)<\/li>\n<li>phosphore (os, dents, m\u00e9tabolisme, cerveau)<\/li>\n<\/ul>\n<p>&nbsp;<\/p>\n<p>Les <span style=\"color: #800080;\"><b>oligo-\u00e9l\u00e9ments<\/b>,<\/span> n\u00e9cessaires en plus petite quantit\u00e9 mais non-moins essentiels:<\/p>\n<ul>\n<li>Fer (sang, h\u00e9moglobine)<\/li>\n<li>Cuivre (nerfs, syst\u00e8me immunitaire, d\u00e9toxication)<\/li>\n<li>Zinc (nerfs, syst\u00e8me immunitaire, sens, spermatozo\u00efdes)<\/li>\n<li>Iode (glande thyro\u00efde)<\/li>\n<li>Mangan\u00e8se (nerfs, syst\u00e8me immunitaire, d\u00e9toxication)<\/li>\n<li>Molybd\u00e8ne (syst\u00e8me immunitaire, d\u00e9toxication, prot\u00e9ines)<\/li>\n<li>Chrome (m\u00e9tabolisme, insuline)<\/li>\n<li>S\u00e9l\u00e9nium (m\u00e9tabolisme, d\u00e9toxication)<\/li>\n<li>Silicium (os, peau, tissus)<\/li>\n<li>Fluor (\u00e9mail des dents)<\/li>\n<\/ul>\n<\/div>\n<div>\u00a0<\/div>\n<div><span style=\"font-family: Arial,Helvetica,sans-serif; font-size: 16px; color: #800080;\"><b><span style=\"font-family: helvetica,arial,sans-serif;\">Min\u00e9raux essentiels \u00a0<\/span> <\/b><\/span><\/div>\n<div>\u00a0<\/div>\n<div>\n<table border=\"0\" width=\"100%\" cellspacing=\"2\" cellpadding=\"4\">\n<tbody>\n<tr>\n<td width=\"23\"><span style=\"font-family: helvetica,arial,sans-serif; font-size: 12px;\"><a href=\"http:\/\/advitae.net\/guide-mineraux\/minerai-Bo\/description-roles-et-fonctions-minerai-Bore.htm\"><img loading=\"lazy\" decoding=\"async\" src=\"http:\/\/advitae.net\/images\/lettre_bo_petit.gif\" width=\"23\" height=\"23\" border=\"0\" \/><\/a><\/span><\/td>\n<td><span style=\"font-family: helvetica,arial,sans-serif; font-size: 12px;\">Bore (<span class=\"nutDescText\"><span id=\"nutImage\">pommes, avocats, chocolat, caf\u00e9, f\u00e8ves, jus de raisin, beurre d&rsquo;arachide<\/span><\/span>)<\/span><\/td>\n<td rowspan=\"6\" width=\"1%\"><span style=\"font-family: helvetica,arial,sans-serif; font-size: 12px;\">\u00a0<\/span><\/td>\n<td width=\"23\"><span style=\"font-family: helvetica,arial,sans-serif; font-size: 12px;\"><a href=\"http:\/\/advitae.net\/guide-mineraux\/minerai-Ca\/description-roles-et-fonctions-minerai-Calcium.htm\"><img loading=\"lazy\" decoding=\"async\" src=\"http:\/\/advitae.net\/images\/lettre_ca_petit.gif\" width=\"23\" height=\"23\" border=\"0\" \/><\/a><\/span><\/td>\n<td><span style=\"font-family: helvetica,arial,sans-serif; font-size: 12px;\">Calcium (lait de soya, tofu, l\u00e9gumes, l\u00e9gumineuses, ol\u00e9agineux, orange)<br \/><\/span><\/td>\n<\/tr>\n<tr>\n<td width=\"23\"><span style=\"font-family: helvetica,arial,sans-serif; font-size: 12px;\"><a href=\"http:\/\/advitae.net\/guide-mineraux\/minerai-Cl\/description-roles-et-fonctions-minerai-Chlore.htm\"><img loading=\"lazy\" decoding=\"async\" src=\"http:\/\/advitae.net\/images\/lettre_cl_petit.gif\" width=\"23\" height=\"23\" border=\"0\" \/><\/a><\/span><\/td>\n<td><span style=\"font-family: helvetica,arial,sans-serif; font-size: 12px;\">Chlore (aide au m\u00e9tabolisme)<br \/><\/span><\/td>\n<td width=\"23\"><span style=\"font-family: helvetica,arial,sans-serif; font-size: 12px;\"><a href=\"http:\/\/advitae.net\/guide-mineraux\/minerai-Co\/description-roles-et-fonctions-minerai-Cobalt.htm\"><img loading=\"lazy\" decoding=\"async\" src=\"http:\/\/advitae.net\/images\/lettre_co_petit.gif\" width=\"23\" height=\"23\" border=\"0\" \/><\/a><\/span><\/td>\n<td><span style=\"font-family: helvetica,arial,sans-serif; font-size: 12px;\">Cobalt (Algues, spiruline, Graines de s\u00e9same, chocolat noir,Noix, chou fris\u00e9e, Champignons Shiitakes, huiles)<br \/><\/span><\/td>\n<\/tr>\n<tr>\n<td width=\"23\"><span style=\"font-family: helvetica,arial,sans-serif; font-size: 12px;\"><a href=\"http:\/\/advitae.net\/guide-mineraux\/minerai-Cr\/description-roles-et-fonctions-minerai-Chrome.htm\"><img loading=\"lazy\" decoding=\"async\" src=\"http:\/\/advitae.net\/images\/lettre_cr_petit.gif\" width=\"23\" height=\"23\" border=\"0\" \/><\/a><\/span><\/td>\n<td><span style=\"font-family: helvetica,arial,sans-serif; font-size: 12px;\">Chrome (m\u00e9tabolisme insuline)<br \/><\/span><\/td>\n<td width=\"23\"><span style=\"font-family: helvetica,arial,sans-serif; font-size: 12px;\"><a href=\"http:\/\/advitae.net\/guide-mineraux\/minerai-Cu\/description-roles-et-fonctions-minerai-Cuivre.htm\"><img loading=\"lazy\" decoding=\"async\" src=\"http:\/\/advitae.net\/images\/lettre_cu_petit.gif\" width=\"23\" height=\"23\" border=\"0\" \/><\/a><\/span><\/td>\n<td><span style=\"font-family: helvetica,arial,sans-serif; font-size: 12px;\">Cuivre (Algues, spiruline, Graines de s\u00e9same, chocolat noir, Noix, Orge cuit,Huiles v\u00e9g\u00e9tales, C\u00e9r\u00e9ales compl\u00e8tes, Choux fris\u00e9, Champignons Shiitakes, Champignons crus, az\u00e9roles crues)<br \/><\/span><\/td>\n<\/tr>\n<tr>\n<td width=\"23\"><span style=\"font-family: helvetica,arial,sans-serif; font-size: 12px;\"><a href=\"http:\/\/advitae.net\/guide-mineraux\/minerai-F\/description-roles-et-fonctions-minerai-Fluor.htm\"><img loading=\"lazy\" decoding=\"async\" src=\"http:\/\/advitae.net\/images\/lettre_fl_petit.gif\" width=\"23\" height=\"23\" border=\"0\" \/><\/a><\/span><\/td>\n<td><span style=\"font-family: helvetica,arial,sans-serif; font-size: 12px;\">Fluor (pain \u00e0 grains entiers, les oeufs, le sel iod\u00e9)<br \/><\/span><\/td>\n<td width=\"23\"><span style=\"font-family: helvetica,arial,sans-serif; font-size: 12px;\"><a href=\"http:\/\/advitae.net\/guide-mineraux\/minerai-Fe\/description-roles-et-fonctions-minerai-Fer.htm\"><img loading=\"lazy\" decoding=\"async\" src=\"http:\/\/advitae.net\/images\/lettre_fe_petit.gif\" width=\"23\" height=\"23\" border=\"0\" \/><\/a><\/span><\/td>\n<td><span style=\"font-family: helvetica,arial,sans-serif; font-size: 12px;\">Fer (<span class=\"nutDescText\"><span id=\"nutImage\">les \u00e9pinards<\/span><\/span>, <span class=\"nutDescText\"><span id=\"nutImage\">le chou-fleur, les oeufs, les l\u00e9gumes secs,le soja, le pain complet, les c\u00e9r\u00e9ales, les raisins et les fruits secs)<\/span><\/span><\/span><\/td>\n<\/tr>\n<tr>\n<td width=\"23\"><span style=\"font-family: helvetica,arial,sans-serif; font-size: 12px;\"><a href=\"http:\/\/advitae.net\/guide-mineraux\/minerai-Iode\/description-roles-et-fonctions-minerai-Iode.htm\"><img loading=\"lazy\" decoding=\"async\" src=\"http:\/\/advitae.net\/images\/lettre_i_petit.gif\" width=\"23\" height=\"23\" border=\"0\" \/><\/a><\/span><\/td>\n<td><span style=\"font-family: helvetica,arial,sans-serif; font-size: 12px;\">Iode (sel iod\u00e9,oeufs, semoule de ma\u00efs)<br \/><\/span><\/td>\n<td width=\"23\"><span style=\"font-family: helvetica,arial,sans-serif; font-size: 12px;\"><a href=\"http:\/\/advitae.net\/guide-mineraux\/minerai-Mg\/description-roles-et-fonctions-minerai-Magnesium.htm\"><img loading=\"lazy\" decoding=\"async\" src=\"http:\/\/advitae.net\/images\/lettre_mg_petit.gif\" width=\"23\" height=\"23\" border=\"0\" \/><\/a><\/span><\/td>\n<td><span style=\"font-family: helvetica,arial,sans-serif; font-size: 12px;\">Magn\u00e9sium (Cacao en poudre, lentilles, \u00e9pinards crus, amandes, noix, pomme de terre,<br \/>chocolat noir,haricot, arachides)<br \/><\/span><\/td>\n<\/tr>\n<tr>\n<td width=\"23\" height=\"25\"><span style=\"font-family: helvetica,arial,sans-serif; font-size: 12px;\"><img loading=\"lazy\" decoding=\"async\" src=\"http:\/\/advitae.net\/images\/lettre_mn_petit.gif\" width=\"23\" height=\"23\" border=\"0\" \/><\/span><\/td>\n<td height=\"25\"><span style=\"font-family: helvetica,arial,sans-serif; font-size: 12px;\">Mangan\u00e8se (<span class=\"nutDescText\"><span id=\"nutImage\">les noix, le gingembre moulu<\/span><\/span>, c\u00e9r\u00e9ales non raffin\u00e9es)<br \/><\/span><\/td>\n<td width=\"23\" height=\"25\"><span style=\"font-family: helvetica,arial,sans-serif; font-size: 12px;\"><a href=\"http:\/\/advitae.net\/guide-mineraux\/minerai-Mo\/description-roles-et-fonctions-minerai-Molybdene.htm\"><img loading=\"lazy\" decoding=\"async\" src=\"http:\/\/advitae.net\/images\/lettre_mo_petit.gif\" width=\"23\" height=\"23\" border=\"0\" \/><\/a><\/span><\/td>\n<td height=\"25\"><span style=\"font-family: helvetica,arial,sans-serif; font-size: 12px;\">Molybd\u00e8ne (c\u00e9r\u00e9ales compl\u00e8tes, L\u00e9gumes \u00e0 feuilles vert fonc\u00e9, L\u00e9gumineuses, Noix)<br \/><\/span><\/td>\n<\/tr>\n<tr>\n<td width=\"23\" height=\"25\"><span style=\"font-family: helvetica,arial,sans-serif; font-size: 12px;\"><a href=\"http:\/\/advitae.net\/guide-mineraux\/minerai-Na\/description-roles-et-fonctions-minerai-Sodium.htm\"><img loading=\"lazy\" decoding=\"async\" src=\"http:\/\/advitae.net\/images\/lettre_na_petit.gif\" width=\"23\" height=\"23\" border=\"0\" \/><\/a><\/span><\/td>\n<td height=\"25\"><span style=\"font-family: helvetica,arial,sans-serif; font-size: 12px;\">Sodium (Sauce soya, tamari, Sauce teriyaki, Cornichons \u00e0 l&rsquo;aneth,Fromage feta, sauce tomate conserve,Sel de table (iod\u00e9))<br \/><\/span><\/td>\n<td rowspan=\"8\" width=\"1%\"><span style=\"font-family: helvetica,arial,sans-serif; font-size: 12px;\">\u00a0<\/span><\/td>\n<td width=\"23\" height=\"25\"><span style=\"font-family: helvetica,arial,sans-serif; font-size: 12px;\"><a href=\"http:\/\/advitae.net\/guide-mineraux\/minerai-P\/description-roles-et-fonctions-minerai-Phosphore.htm\"><img loading=\"lazy\" decoding=\"async\" src=\"http:\/\/advitae.net\/images\/lettre_p_petit.gif\" width=\"23\" height=\"23\" border=\"0\" \/><\/a><\/span><\/td>\n<td height=\"25\"><span style=\"font-family: helvetica,arial,sans-serif; font-size: 12px;\">Phosphore (Graines de citrouille et tournesol, lentilles) <br \/><\/span><\/td>\n<\/tr>\n<tr>\n<td width=\"23\" height=\"25\"><span style=\"font-family: helvetica,arial,sans-serif; font-size: 12px;\"><a href=\"http:\/\/advitae.net\/guide-mineraux\/minerai-S\/description-roles-et-fonctions-minerai-Soufre.htm\"><img loading=\"lazy\" decoding=\"async\" src=\"http:\/\/advitae.net\/images\/lettre_s_petit.gif\" width=\"23\" height=\"23\" border=\"0\" \/><\/a><\/span><\/td>\n<td height=\"25\"><span style=\"font-family: helvetica,arial,sans-serif; font-size: 12px;\">Soufre (<i><span class=\"nutDescText\"><span id=\"nutImage\">outre les produits prot\u00e9in\u00e9s, l&rsquo;ail et les oeufs<\/span><\/span>)<\/i><br \/><\/span><\/td>\n<td width=\"23\" height=\"25\"><span style=\"font-family: helvetica,arial,sans-serif; font-size: 12px;\"><a href=\"http:\/\/advitae.net\/guide-mineraux\/minerai-Se\/description-roles-et-fonctions-minerai-Selenium.htm\"><img loading=\"lazy\" decoding=\"async\" src=\"http:\/\/advitae.net\/images\/lettre_se_petit.gif\" width=\"23\" height=\"23\" border=\"0\" \/><\/a><\/span><\/td>\n<td height=\"25\"><span style=\"font-family: helvetica,arial,sans-serif; font-size: 12px;\">S\u00e9l\u00e9nium (Noix du Br\u00e9sil, huile de noix)<br \/><\/span><\/td>\n<\/tr>\n<tr>\n<td width=\"23\" height=\"25\"><span style=\"font-family: helvetica,arial,sans-serif; font-size: 12px;\"><a href=\"http:\/\/advitae.net\/guide-mineraux\/minerai-Si\/description-roles-et-fonctions-minerai-Silicium.htm\"><img loading=\"lazy\" decoding=\"async\" src=\"http:\/\/advitae.net\/images\/lettre_si_petit.gif\" width=\"23\" height=\"23\" border=\"0\" \/><\/a><\/span><\/td>\n<td height=\"25\"><span style=\"font-family: helvetica,arial,sans-serif; font-size: 12px;\">Silicium (<span class=\"nutDescText\"><span id=\"nutImage\">le riz, le son, le riz brun<\/span><\/span>, la bi\u00e8re)<br \/><\/span><\/td>\n<td width=\"23\" height=\"25\"><span style=\"font-family: helvetica,arial,sans-serif; font-size: 12px;\"><a href=\"http:\/\/advitae.net\/guide-mineraux\/minerai-Zn\/description-roles-et-fonctions-minerai-Zinc.htm\"><img loading=\"lazy\" decoding=\"async\" src=\"http:\/\/advitae.net\/images\/lettre_zn_petit.gif\" width=\"23\" height=\"23\" border=\"0\" \/><\/a><\/span><\/td>\n<td height=\"25\"><span style=\"font-family: helvetica,arial,sans-serif; font-size: 12px;\">Zinc (graine de s\u00e9same, citrouille, l\u00e9gumineuses)<br \/><\/span><\/td>\n<\/tr>\n<\/tbody>\n<\/table>\n<\/div>\n<div><span style=\"font-family: helvetica,arial,sans-serif; font-size: 12px;\">\u00a0<\/span><\/div>\n<div><span style=\"font-family: helvetica,arial,sans-serif; font-size: 12px;\"><span style=\"font-family: helvetica,arial,sans-serif; font-size: 12px;\">\u00a0<\/span><\/span><\/p>\n<div><span style=\"font-family: helvetica,arial,sans-serif; font-size: 16px;\">\u00a0<\/span><\/div>\n<div style=\"text-align: left;\"><span style=\"font-family: helvetica,arial,sans-serif; font-size: 16px;\"><span style=\"color: #800080;\"><strong>Les meilleures sources de min\u00e9raux v\u00e9g\u00e9taliens<\/strong><\/span><br \/>La noix de br\u00e9sil est la plus riche source de s\u00e9l\u00e9nium. Les algues sont remplies d&rsquo;iode marine. L&rsquo;ortie, la graine de citrouille sont tr\u00e8s riches en min\u00e9raux.<\/p>\n<p><\/span><\/div>\n<div>\n<div><span style=\"font-family: helvetica,arial,sans-serif; font-size: 16px;\"><span style=\"color: #800080;\"><strong>L&rsquo;iode demande de l&rsquo;attention<\/strong><\/span><br \/>L&rsquo;iode est souvent consomm\u00e9e en trop petite quantit\u00e9 dans l&rsquo;alimentation v\u00e9g\u00e9tarienne lorsque le sel de table iod\u00e9 et les algues ne sont pas consomm\u00e9es r\u00e9guli\u00e8rement.<\/p>\n<p><\/span><\/div>\n<\/div>\n<div><span style=\"font-family: helvetica,arial,sans-serif; font-size: 16px;\"><span style=\"color: #800080;\"><strong>Augmenter la biodisponibilit\u00e9 des min\u00e9raux<\/strong><\/span><br \/>L&rsquo;assimilation du fer, du calcium et du zinc\u00a0est est influenc\u00e9e par des anti-nutriments comme l&rsquo;acide pythique et l&rsquo;acide oxalique. Il peut \u00eatre judicieux d&rsquo;en consommer de bonnes sources et d&rsquo;adopter quelques pratiques pour augmenter la biodisponibilit\u00e9 de ces min\u00e9raux.<br \/><\/span><\/div>\n<div class=\"divhalf\">\n<div>\n<p>&nbsp;<\/p>\n<p><span style=\"font-family: helvetica,arial,sans-serif; font-size: 16px;\"><span style=\"color: #800080;\"><strong>Vitamine C et verdures<\/strong><\/span><br \/>Inclure des aliments riches en vitamine C dans les menus tels les fruits et les verdures peut augmenter l&rsquo;assimilation du fer (parfois de 2 \u00e0 6 fois). Manger vari\u00e9 est toujours une formule gagnante.<\/span><\/p>\n<\/div>\n<div>\n<p><span style=\"font-family: helvetica,arial,sans-serif; font-size: 16px;\"><span style=\"color: #800080;\"><strong>Le trempage et la germination<\/strong> <\/span><br \/>Les graines et des noix participent \u00e0 augmenter la biodisponibilit\u00e9 du fer, du calcium et du zinc en diminuant la teneur en anti-nutriments tels que l&rsquo;acide pythique.<\/span><\/p>\n<\/div>\n<div>\n<p><span style=\"font-family: helvetica,arial,sans-serif; font-size: 16px;\"><span style=\"color: #800080;\"><strong>La fermentation<\/strong><\/span><br \/>Diverses formes de fermentations semblent aussi fortement augmenter la biodisponibilit\u00e9 du fer, du zinc et possiblement du calcium entre autre en brisant l&rsquo;acide pythique.<\/span><\/p>\n<\/div>\n<div>\n<p><span style=\"font-family: helvetica,arial,sans-serif; font-size: 16px;\"><span style=\"color: #800080;\"><strong>Le caf\u00e9 entre les repas<\/strong><\/span><br \/>Les polyph\u00e9nols contenus dans les plantes aromatiques comme le cacao, le th\u00e9 ou le caf\u00e9 peuvent interf\u00e9rer avec l&rsquo;assimilation du fer. Ceux-ci gagnent donc \u00e0 \u00eatre consomm\u00e9s en dehors des repas ou diminu\u00e9 le caf\u00e9 moulu en le rempla\u00e7ant par du caf\u00e9 aux c\u00e9r\u00e9ales.<br \/><\/span><\/p>\n<\/div>\n<div>\n<p><span style=\"font-family: helvetica,arial,sans-serif; font-size: 16px;\"><span style=\"color: #800080;\"><strong>Suffisamment de prot\u00e9ines<\/strong><\/span><br \/>L&rsquo;assimilation du zinc et du calcium est renforc\u00e9e par les\u00a0prot\u00e9ines au sein des m\u00eames repas. Toutefois, un apport tr\u00e8s important en prot\u00e9ines peut possiblement augmenter les besoins en calcium.<\/span><\/p>\n<\/div>\n<div>\n<p><span style=\"font-family: helvetica,arial,sans-serif;\"><span style=\"font-size: 16px; color: #800080;\"><strong>Mod\u00e9rer le sel<\/strong><\/span><br \/><span style=\"font-size: 16px;\">Le sel est connu pour n\u00e9cessiter du calcium pour \u00eatre \u00e9limin\u00e9 par le corps. Mod\u00e9rer sa consommation en sel et en mets sal\u00e9s peut aider \u00e0 \u00e9viter la d\u00e9calcification des os. Apprenez a manger sans sel, en le rempla\u00e7ant par des \u00e9pices, des herbes fra\u00eeches et vous retrouverai le vrai go\u00fbt des aliments.<\/span> <br \/><\/span><\/p>\n<p><span style=\"color: #800080;\"><strong>Fer<\/strong><\/span><br \/> la biodisponibilit\u00e9 du fer d&rsquo;origine v\u00e9g\u00e9tale est parfois questionn\u00e9e. Or s&rsquo;il est vrai que l&rsquo;assimilation du fer est plus variable, les carences en fer ne s&rsquo;av\u00e8rent pas plus courantes pour les v\u00e9g\u00e9taliens, bien qu&rsquo;elles demandent toujours attention chez les femmes :Fatigue, stress, an\u00e9mie, syst\u00e8me immunitaire, cancer, perte de poids, convalescence, performances sportives, cholest\u00e9rol, anti-carences, anti-oxydant, diab\u00e8te.<\/p>\n<p style=\"text-align: left;\"><span style=\"color: #800080;\"><strong>Zinc<\/strong><\/span><br \/> La biodisponibilit\u00e9 du zinc d&rsquo;origine v\u00e9g\u00e9tale est parfois questionn\u00e9e. Or s&rsquo;il est vrai que les v\u00e9g\u00e9taux contiennent des anti-nutriments qui diminuent l&rsquo;absorption du zinc les carences en zinc ne s&rsquo;av\u00e8rent pas plus courantes pour les v\u00e9g\u00e9taliens.<\/p>\n<p style=\"text-align: left;\"><span style=\"color: #800080;\"><strong>Cholest\u00e9rol<\/strong><\/span><br \/> Le taux de cholest\u00e9rol total est g\u00e9n\u00e9ralement plus bas chez les v\u00e9g\u00e9taliens et les sportifs, en particulier le mauvais cholest\u00e9rol LDL. N\u00e9anmoins ceux-ci demeurent habituellement dans une concentration tr\u00e8s correcte dans l&rsquo;intervalle sugg\u00e9r\u00e9 par les m\u00e9decins.<\/p>\n<p style=\"text-align: left;\"><img loading=\"lazy\" decoding=\"async\" class=\"aligncenter wp-image-418 size-full\" src=\"http:\/\/azalee-reflexo.ch\/wp-content\/uploads\/2016\/09\/Tableau-Nutritif.jpeg\" alt=\"tableau-nutritif\" width=\"4416\" height=\"2939\" srcset=\"https:\/\/azalee-therapie.ch\/dietetique\/wp-content\/uploads\/2016\/09\/Tableau-Nutritif.jpeg 4416w, https:\/\/azalee-therapie.ch\/dietetique\/wp-content\/uploads\/2016\/09\/Tableau-Nutritif-300x200.jpeg 300w, https:\/\/azalee-therapie.ch\/dietetique\/wp-content\/uploads\/2016\/09\/Tableau-Nutritif-768x511.jpeg 768w, https:\/\/azalee-therapie.ch\/dietetique\/wp-content\/uploads\/2016\/09\/Tableau-Nutritif-1024x682.jpeg 1024w\" sizes=\"auto, (max-width: 4416px) 100vw, 4416px\" \/><\/p>\n<\/div>\n<\/div>\n<\/div>\n","protected":false},"excerpt":{"rendered":"<p>Les min\u00e9raux En r\u00e9sum\u00e9, le monde v\u00e9g\u00e9tal est luxuriant en min\u00e9raux. Certains min\u00e9raux sont influenc\u00e9s par l&rsquo;adoption de bonnes pratiques alimentaires. On subdivise les min\u00e9raux en deux groupes principaux Les &hellip; <a href=\"https:\/\/azalee-therapie.ch\/dietetique\/mineraux-pour-vegetaliens\/\" class=\"more-link\">Continuer la lecture de <span class=\"screen-reader-text\">Les Min\u00e9raux<\/span><\/a><\/p>\n","protected":false},"author":2,"featured_media":0,"parent":0,"menu_order":0,"comment_status":"closed","ping_status":"closed","template":"","meta":{"footnotes":""},"class_list":["post-5","page","type-page","status-publish","hentry"],"_links":{"self":[{"href":"https:\/\/azalee-therapie.ch\/dietetique\/wp-json\/wp\/v2\/pages\/5","targetHints":{"allow":["GET"]}}],"collection":[{"href":"https:\/\/azalee-therapie.ch\/dietetique\/wp-json\/wp\/v2\/pages"}],"about":[{"href":"https:\/\/azalee-therapie.ch\/dietetique\/wp-json\/wp\/v2\/types\/page"}],"author":[{"embeddable":true,"href":"https:\/\/azalee-therapie.ch\/dietetique\/wp-json\/wp\/v2\/users\/2"}],"replies":[{"embeddable":true,"href":"https:\/\/azalee-therapie.ch\/dietetique\/wp-json\/wp\/v2\/comments?post=5"}],"version-history":[{"count":34,"href":"https:\/\/azalee-therapie.ch\/dietetique\/wp-json\/wp\/v2\/pages\/5\/revisions"}],"predecessor-version":[{"id":691,"href":"https:\/\/azalee-therapie.ch\/dietetique\/wp-json\/wp\/v2\/pages\/5\/revisions\/691"}],"wp:attachment":[{"href":"https:\/\/azalee-therapie.ch\/dietetique\/wp-json\/wp\/v2\/media?parent=5"}],"curies":[{"name":"wp","href":"https:\/\/api.w.org\/{rel}","templated":true}]}}