{"id":828,"date":"2016-10-10T22:22:52","date_gmt":"2016-10-10T22:22:52","guid":{"rendered":"http:\/\/azalee-reflexo.ch\/?page_id=828"},"modified":"2016-10-10T22:22:52","modified_gmt":"2016-10-10T22:22:52","slug":"les-graines","status":"publish","type":"page","link":"https:\/\/azalee-therapie.ch\/dietetique\/les-graines\/","title":{"rendered":"Les graines"},"content":{"rendered":"<p><span style=\"color: #808000;\">Les graines<\/span><\/p>\n<p>Plus rarement r\u00e9colt\u00e9es dans les jardins, les graines sont une partie tr\u00e8s puissante des plantes puisqu&rsquo;elles contiennent tout pour redonner la vie. Elles contiennent ainsi des tr\u00e9sors d\u2019ar\u00f4mes et de nutriments comme les omega-3, les min\u00e9raux, les prot\u00e9ines et les vitamines.<\/p>\n<p>Les graines\u00a0: Graine de chanvre, graine de Chia, graine de Citrouille, graine de Lin, graine de Sarrasin, S\u00e9same, Tournesol, &#8230;<\/p>\n<p>Les graines aromatiques\u00a0: Grain de Poivre, Cacao, Graine de Cardamome, Carotte, Graine de Coriandre, &#8230;<\/p>\n","protected":false},"excerpt":{"rendered":"<p>Les graines Plus rarement r\u00e9colt\u00e9es dans les jardins, les graines sont une partie tr\u00e8s puissante des plantes puisqu&rsquo;elles contiennent tout pour redonner la vie. Elles contiennent ainsi des tr\u00e9sors d\u2019ar\u00f4mes &hellip; <a href=\"https:\/\/azalee-therapie.ch\/dietetique\/les-graines\/\" class=\"more-link\">Continuer la lecture de <span class=\"screen-reader-text\">Les graines<\/span><\/a><\/p>\n","protected":false},"author":2,"featured_media":0,"parent":0,"menu_order":0,"comment_status":"closed","ping_status":"closed","template":"","meta":{"footnotes":""},"class_list":["post-828","page","type-page","status-publish","hentry"],"_links":{"self":[{"href":"https:\/\/azalee-therapie.ch\/dietetique\/wp-json\/wp\/v2\/pages\/828","targetHints":{"allow":["GET"]}}],"collection":[{"href":"https:\/\/azalee-therapie.ch\/dietetique\/wp-json\/wp\/v2\/pages"}],"about":[{"href":"https:\/\/azalee-therapie.ch\/dietetique\/wp-json\/wp\/v2\/types\/page"}],"author":[{"embeddable":true,"href":"https:\/\/azalee-therapie.ch\/dietetique\/wp-json\/wp\/v2\/users\/2"}],"replies":[{"embeddable":true,"href":"https:\/\/azalee-therapie.ch\/dietetique\/wp-json\/wp\/v2\/comments?post=828"}],"version-history":[{"count":1,"href":"https:\/\/azalee-therapie.ch\/dietetique\/wp-json\/wp\/v2\/pages\/828\/revisions"}],"predecessor-version":[{"id":830,"href":"https:\/\/azalee-therapie.ch\/dietetique\/wp-json\/wp\/v2\/pages\/828\/revisions\/830"}],"wp:attachment":[{"href":"https:\/\/azalee-therapie.ch\/dietetique\/wp-json\/wp\/v2\/media?parent=828"}],"curies":[{"name":"wp","href":"https:\/\/api.w.org\/{rel}","templated":true}]}}